{"id":6269,"date":"2023-07-05T15:08:55","date_gmt":"2023-07-05T13:08:55","guid":{"rendered":"https:\/\/dxgeneticservices.com\/politica-de-cookies\/"},"modified":"2024-11-15T10:12:29","modified_gmt":"2024-11-15T09:12:29","slug":"politica-de-cookies","status":"publish","type":"page","link":"https:\/\/dxgeneticservices.com\/es\/politica-de-cookies\/","title":{"rendered":"Pol\u00edtica de cookies"},"content":{"rendered":"\t\t<div data-elementor-type=\"wp-page\" data-elementor-id=\"6269\" class=\"elementor elementor-6269 elementor-22\" data-elementor-post-type=\"page\">\n\t\t\t\t\t\t<section class=\"elementor-section elementor-top-section elementor-element elementor-element-2efe2a73 elementor-section-boxed elementor-section-height-default elementor-section-height-default\" data-id=\"2efe2a73\" data-element_type=\"section\">\n\t\t\t\t\t\t<div class=\"elementor-container elementor-column-gap-default\">\n\t\t\t\t\t<div class=\"elementor-column elementor-col-100 elementor-top-column elementor-element elementor-element-25cb8bb3\" data-id=\"25cb8bb3\" data-element_type=\"column\">\n\t\t\t<div class=\"elementor-widget-wrap elementor-element-populated\">\n\t\t\t\t\t\t<div class=\"elementor-element elementor-element-15ebb7f5 elementor-widget elementor-widget-heading\" data-id=\"15ebb7f5\" data-element_type=\"widget\" data-widget_type=\"heading.default\">\n\t\t\t\t<div class=\"elementor-widget-container\">\n\t\t\t<h1 class=\"elementor-heading-title elementor-size-default\"><strong>Pol\u00edtica de cookies<\/strong><\/h1>\t\t<\/div>\n\t\t\t\t<\/div>\n\t\t\t\t<div class=\"elementor-element elementor-element-47c035c elementor-widget elementor-widget-text-editor\" data-id=\"47c035c\" data-element_type=\"widget\" data-widget_type=\"text-editor.default\">\n\t\t\t\t<div class=\"elementor-widget-container\">\n\t\t\t\t\t\t\t<h2><strong>\u00bfQui\u00e9nes somos?<\/strong><\/h2>\r\nVeritas Intercontinental (\u00ab<strong>Veritas<\/strong>\u00bb, \u00ab<strong>nosotros<\/strong>\u00bb, \u00ab<strong>nos<\/strong>\u00bb, \u00ab<strong>nuestro<\/strong>\u00bb) se compromete a proteger y respetar su privacidad como proveedor de servicios y controlador de su informaci\u00f3n.\r\n\r\nEsta pol\u00edtica explica c\u00f3mo utilizamos las cookies y las tecnolog\u00edas relacionadas (denominadas colectivamente \u00abCookies\u00bb) para proporcionarle nuestros servicios a trav\u00e9s de nuestro sitio web <a href=\"https:\/\/www.veritasint.com\" target=\"_blank\" rel=\"noopener\">www.veritasint.com<\/a> (el \u00ab<strong>sitio<\/strong>\u00bb o el \u00ab<strong>sitio web<\/strong>\u00bb).\r\n\r\nVeritas Intercontinental SL tiene su domicilio social en Madrid, Calle Orense 58, 2\u00baC-D, 28020 y CIF B-88132907, n\u00famero de tel\u00e9fono +34 915 623 675. Para los residentes en Brasil, Veritas Brasil Analises Laboratoriais EIRELI tiene su direcci\u00f3n registrada en Alameda dos Nhambiquaras, 1770, ANDAR 5 SALA 508, S\u00e3o Paulo, Brasil CEP 04090-004, CNPJ 32.948.264\/0001-68 y n\u00famero de tel\u00e9fono +55 11 96352 4450. Para los residentes en Colombia, Veritas Genetics Colombia SA tiene su domicilio registrado en Carrera 16 # 82-95 Unidad M\u00e9dica el Country, Of. 901, Bogot\u00e1, Colombia, NIT 9012454114 y n\u00famero de tel\u00e9fono +57 1 2220786.\r\n<h2><strong>\u00bfQu\u00e9 es una cookie y c\u00f3mo se utilizan en nuestro sitio web?<\/strong><\/h2>\r\nUna cookie es un peque\u00f1o fichero con datos que un sitio web, cuando es visitado por un usuario, le pide a su navegador que almacene en su dispositivo para recordar preferencias y otra informaci\u00f3n; por ejemplo, visitas anteriores al sitio web o p\u00e1gina desde ese dispositivo y navegador, nombre de usuario o solicitudes de inicio de sesi\u00f3n u otros comportamientos en l\u00ednea. Utilizamos cookies est\u00e1ndar de la industria y otras tecnolog\u00edas de seguimiento (como Google Analytics) para rastrear su comportamiento en l\u00ednea, ayudarle en la navegaci\u00f3n y el uso de la funcionalidad prevista del sitio web (como mantener los art\u00edculos en el carrito de compra); con fines anal\u00edticos para recopilar y habilitar su capacidad para proporcionar comentarios, a fin de mejorar nuestros productos y servicios; o para proveer marketing (por ejemplo, si visita otros sitios web dentro de nuestra red de proveedores de servicios de marketing). Las cookies colocadas en su navegador pueden permanecer durante su sesi\u00f3n en l\u00ednea en nuestro sitio web o durante un per\u00edodo definido m\u00e1s largo, incluida la persistencia en su navegador indefinidamente o hasta que se borre. Para eliminar las cookies, consulte la siguiente secci\u00f3n \u00abC\u00f3mo aceptar o rechazar las cookies\u00bb. Adem\u00e1s, puede encontrar m\u00e1s informaci\u00f3n acerca de las cookies y detalles sobre c\u00f3mo gestionarlas o desactivarlas en <a href=\"https:\/\/www.aboutcookies.org\" target=\"_blank\" rel=\"noopener\">www.aboutcookies.org<\/a>\/. Tambi\u00e9n puede obtener m\u00e1s informaci\u00f3n sobre las cookies en <a href=\"https:\/\/www.allaboutcookies.org\/es\" target=\"_blank\" rel=\"noopener\">www.allaboutcookies.org\/es<\/a> y <a href=\"https:\/\/www.youronlinechoices.com\/es\" target=\"_blank\" rel=\"noopener\">www.youronlinechoices.com\/es<\/a>.\r\n\r\nLas cookies que nosotros establecemos en nuestro sitio web se denominan cookies propias, y se utilizan para ayudar a evaluar y permitir el rendimiento y la funcionalidad de nuestros productos y servicios, incluido nuestro sitio web. Tambi\u00e9n utilizamos cookies de terceros, que son cookies de un dominio de sitio web distinto de los nuestros. Se utilizan para el an\u00e1lisis de nuestro sitio web, su funcionalidad y los esfuerzos de marketing al compartir el uso y los datos relacionados con el dispositivo con terceras pertinentes.\r\n<h2><strong>C\u00f3mo aceptar o rechazar las cookies<\/strong><\/h2>\r\nLa primera vez que visite nuestro sitio web y, dependiendo de su ubicaci\u00f3n, es posible que se le muestre una franja con cookies que le proporcione informaci\u00f3n sobre su uso en nuestro sitio web y opciones sobre c\u00f3mo aceptar o rechazar ciertas cookies cuando nos visite. Esta inclusi\u00f3n o exclusi\u00f3n voluntaria se puede hacer utilizando nuestro centro de preferencias de cookies, al que se accede a trav\u00e9s de la franja con cookies que se le presenta. Por ejemplo, puede optar por aceptar o rechazar ciertas categor\u00edas de cookies no esenciales (por ejemplo, las cookies de orientaci\u00f3n, que se describe a continuaci\u00f3n), activando o desactivando la opci\u00f3n para ellas en el apartado de consentimiento de cookies. En algunos casos tambi\u00e9n puede desactivar el uso de cookies e identificadores de dispositivos por parte de terceros directamente (consulte los enlaces a los sitios web de nuestros proveedores de servicios de marketing de terceros dispuestos m\u00e1s adelante). Alternativamente, es posible que pueda optar por rechazar el uso de cookies de un proveedor de servicios externo visitando la p\u00e1gina de exclusi\u00f3n de Network Advertising Initiative o controlar el uso de identificadores de dispositivos utilizando la configuraci\u00f3n de su dispositivo espec\u00edfico o del navegador web para bloquear o borrar ciertas cookies. Sin embargo, tenga en cuenta que, si bloquea ciertas cookies, es posible que algunas partes de nuestro sitio web no funcionen correctamente.\r\n\r\nPuede cambiar la configuraci\u00f3n de su navegador web para que su ordenador le avise cada vez que se env\u00eda una cookie, o para desactivar todas las cookies. Cada navegador es un poco diferente, as\u00ed que consulte el men\u00fa de ayuda de su navegador para conocer la forma correcta de modificar sus cookies. Sin embargo, si deshabilita las cookies, no tendr\u00e1 acceso a muchas funciones que pueden hacer que su navegaci\u00f3n por nuestro sitio y el uso de nuestros servicios sean m\u00e1s fluidos, y algunos de nuestros servicios pueden no funcionar correctamente o no funcionar en absoluto. Por ejemplo, si deshabilita las cookies, no podr\u00e1 iniciar sesi\u00f3n en su cuenta de usuario.\r\n<h2><strong>\u00bfQu\u00e9 tipos de cookies hay en nuestro sitio web y por qu\u00e9?<\/strong><\/h2>\r\nUtilizamos los siguientes tipos de cookies con estos objetivos:\r\n<ul>\r\n \t<li><strong>Cookies estrictamente necesarias:<\/strong> Estas cookies son esenciales para que pueda navegar por nuestro sitio web y utilizar su funcionalidad prevista, incluido el acceso a \u00e1reas seguras del sitio web, mover art\u00edculos al carrito de compras antes de hacer una compra, ayudar a garantizar la seguridad y registrar las interacciones con nuestra franja con cookies. Estas cookies no se pueden rechazar.<\/li>\r\n \t<li><strong>Cookies de rendimiento:<\/strong> Estas cookies nos permiten contar las visitas y las fuentes de tr\u00e1fico para que podamos medir y mejorar el rendimiento de nuestro sitio web. Nos ayudan a saber qu\u00e9 p\u00e1ginas son las m\u00e1s y menos populares y a ver c\u00f3mo se mueven los visitantes por el Sitio Web. Si no permite estas cookies, no sabremos cu\u00e1ndo ha visitado nuestro sitio y no podremos monitorear su rendimiento utilizando los datos proporcionados por su visita.<\/li>\r\n \t<li><strong>Cookies funcionales:<\/strong> Estas cookies permiten que el sitio web proporcione una funcionalidad mejorada. Pueden ser instaladas por nosotros o por proveedores de servicios externos cuyos servicios hemos agregado a nuestras p\u00e1ginas (por ejemplo, al incluir ayuda mediante chat como servicio de atenci\u00f3n al cliente a nuestro sitio o permitirle proporcionar comentarios sobre productos y servicios). Si desactiva estas cookies, el sitio web perder\u00e1 ciertos aspectos no esenciales de su funcionalidad.<\/li>\r\n \t<li><strong>Cookies de orientaci\u00f3n:<\/strong> Estas cookies pueden ser instaladas en nuestro sitio web por nuestros proveedores de servicios de publicidad y marketing. Estas empresas pueden utilizarlas para crear un perfil de sus intereses y mostrarle anuncios relevantes en otros sitios. Se basan en la identificaci\u00f3n \u00fanica de su navegador y dispositivo de Internet. Este reconocimiento se utiliza para mostrar anuncios, enlaces u otra informaci\u00f3n relevante sobre nuestros productos y servicios a los usuarios que visitan otros sitios web despu\u00e9s de haber visitado previamente nuestro sitio web o haber interactuado con nuestros productos y servicios. Si acepta estas cookies, recibir\u00e1 publicidad dirigida.<\/li>\r\n<\/ul>\r\n<h2><strong>Cookies de terceros que utilizamos<\/strong><\/h2>\r\n<table>\r\n  <tbody>\r\n    <tr>\r\n      <th>Nombre de la cookie<\/th>\r\n      <th>Descripci\u00f3n<\/th>\r\n      <th>Alojado en<\/th>\r\n      <th>Expiraci\u00f3n<\/th>\r\n    <\/tr>\r\n    <tr>\r\n      <td>Google Analytics \u201cgat._anonymizeIp();\u201d<\/td>\r\n      <td>Google Analytics utiliza estacookiepara garantizar que las direcciones IP se registren de forma an\u00f3nima.<\/td>\r\n      <td>Google<\/td>\r\n      <td>Determinada por el servidor<\/td>\r\n    <\/tr>\r\n    <tr>\r\n      <td>Seguimiento de conversiones de Google Ads (Google LLC)<\/td>\r\n      <td>El seguimiento de conversiones de Google Ads es un servicio de estad\u00edsticas proporcionado por Google LLC que conecta los datos de la red publicitaria de Google Ads con las acciones realizadas en esta aplicaci\u00f3n. Estacookieayuda a los anunciantes a determinar cu\u00e1ntas veces los usuarios que hacen clic en sus anuncios realizan una acci\u00f3n que consideramos una conversi\u00f3n (como enviar un formulario, ver un v\u00eddeo, descargar un PDF, etc.). Google gestiona completamente estascookies. La informaci\u00f3n sobre su uso denuestro sitio web, incluida su direcci\u00f3n IP, puede ser transmitida y almacenada por Google en sus servidores, aunque no identifican personalmente a los usuarios a menos que haya iniciado sesi\u00f3n en Google, en cuyo caso est\u00e1 vinculado a su cuenta de Google.<\/td>\r\n      <td>Google<\/td>\r\n      <td>Determinada por el servidor<\/td>\r\n    <\/tr>\r\n    <tr>\r\n      <td>Remarketing con Google Ads<\/td>\r\n      <td>Utilizamos lascookiesde Google Ads Remarketing para ofrecer a los usuarios anuncios en l\u00ednea espec\u00edficos basados en visitas anteriores a nuestro sitio web. Google utiliza esta informaci\u00f3n para mostrar anuncios en varios sitios web de terceros en Internet. Estascookiescaducan despu\u00e9s de 30 d\u00edas y no contienen informaci\u00f3n de identificaci\u00f3n personal. M\u00e1s informaci\u00f3n sobre lascookiesde Google Ads: https:\/\/policies.google.com\/technologies\/cookies?hl=es-ES<\/td>\r\n      <td>Google<\/td>\r\n      <td>Determinada por el servidor<\/td>\r\n    <\/tr>\r\n    <tr>\r\n      <td>LinkedIn Ads<\/td>\r\n      <td>Utilizamos estacookiepara ayudar a medir el rendimiento publicitario de los anuncios y el contenido de Veritas Intercontinental en LinkedIn.<\/td>\r\n      <td>LinkedIn<\/td>\r\n      <td>Determinada por el servidor<\/td>\r\n    <\/tr>\r\n    <tr>\r\n      <td>LinkedIn AdsConversion<\/td>\r\n      <td>Estacookieayuda a los anunciantes a determinar cu\u00e1ntas veces los usuarios que hacen clic en sus anuncios realizan una acci\u00f3n que consideramos una conversi\u00f3n (como enviar un formulario, ver un v\u00eddeo, descargar un PDF, etc.). Estascookiespermiten a LinkedIn y al anunciante determinar si el usuario hizo clic en el anuncio y luego visit\u00f3 el sitio web de Veritas Intercontinental. M\u00e1s informaci\u00f3n: https:\/\/es.linkedin.com\/legal\/cookie-policy?<\/td>\r\n      <td>LinkedIn<\/td>\r\n      <td>Determinada por el servidor<\/td>\r\n    <\/tr>\r\n    <tr>\r\n      <td>Twitter<\/td>\r\n      <td>Utilizamos estacookiepara ayudar a medir el rendimiento publicitario de los anuncios y el contenido de Veritas Intercontinental en Twitter. M\u00e1s informaci\u00f3n https:\/\/help.twitter.com\/en\/rules-and-policies\/twitter-cookies<\/td>\r\n      <td>Twitter<\/td>\r\n      <td>Determinada por el servidor<\/td>\r\n    <\/tr>\r\n    <tr>\r\n      <td>Facebook Social Plugins, Connect. Proveedor Facebook Corp.<\/td>\r\n      <td>Utilizamos estacookiepara ayudar a medir el rendimiento publicitario de los anuncios y contenidos de Veritas Intercontinental en Facebook e Instagram. El prop\u00f3sito de estascookieses analizar la audiencia de nuestro sitio, por ejemplo, el n\u00famero de p\u00e1ginas visitadas, el idioma, la red social en la que se publican nuestras noticias, la ciudad a la que pertenece la direcci\u00f3n IP desde la que acceden los usuarios, el n\u00famero de usuarios que nos visitan, la frecuencia y recurrencia de las visitas, el tiempo de visita, el navegador utilizado, el operador o tipo de terminal desde el que se realiza la visita. No obtenemos datos de los nombres o apellidos de los usuarios ni de la direcci\u00f3n postal desde la que se conectan. Las utilizamos para mejorar el rendimiento de nuestras campa\u00f1as de Facebook y poder ofrecer contenido relacionado a nuestra audiencia. ++M\u00e1s informaci\u00f3n: https:\/\/www.facebook.com\/policies\/cookies\/<\/td>\r\n      <td>Meta<\/td>\r\n      <td>Determinada por el servidor<\/td>\r\n    <\/tr>\r\n  <\/tbody>\r\n<\/table>\r\n<h2><strong>Google Analytics<\/strong><\/h2>\r\nUtilizamos Google Analytics para comprender mejor el uso que usted hace de nuestro sitio web y de los servicios. Google Analytics recopila informaci\u00f3n, como la frecuencia con la que los usuarios visitan nuestro sitio web, qu\u00e9 p\u00e1ginas se visitan y qu\u00e9 otros sitios pueden haberse utilizado antes de visitarlo. Google utiliza los datos recopilados para rastrear y examinar el uso de los sitios web, para elaborar informes sobre sus actividades y compartirlos con otros servicios de Google, y para contextualizar y personalizar los anuncios de su propia red publicitaria. M\u00e1s informaci\u00f3n sobre c\u00f3mo Google Analytics recopila y procesa datos en <a href=\"https:\/\/policies.google.com\/technologies\/partner-sites\" target=\"_blank\" rel=\"noopener\">policies.google.com\/technologies\/partner-sites<\/a>.\r\n\r\nLa capacidad de Google para utilizar y compartir la informaci\u00f3n recopilada por Google Analytics sobre sus visitas a los Sitios web est\u00e1 restringida por los T\u00e9rminos de uso de Google Analytics (<a href=\"https:\/\/marketingplatform.google.com\/about\/analytics\/terms\/us\/\" target=\"_blank\" rel=\"noopener\">marketingplatform.google.com\/about\/analytics\/terms\/us\/<\/a>) y la Pol\u00edtica de privacidad de Google (<a href=\"https:\/\/policies.google.com\/privacy\" target=\"_blank\" rel=\"noopener\">policies.google.com\/privacy<\/a>). Tambi\u00e9n puede optar por no participar y administrar sus preferencias para el uso de publicidad personalizada y cookies relacionadas por parte de Google visitando la Configuraci\u00f3n de anuncios de Google (<a href=\"https:\/\/support.google.com\/accounts\/answer\/2662856?co=GENIE.Platform%3DDesktop&amp;hl=en\" target=\"_blank\" rel=\"noopener\">support.google.com\/accounts\/answer\/2662856?co=GENIE.Platform%3DDesktop&amp;hl=en<\/a>), y Google Analytics tambi\u00e9n ofrece un mecanismo de exclusi\u00f3n voluntaria para la web (<a href=\"https:\/\/tools.google.com\/dlpage\/gaoptout\" target=\"_blank\" rel=\"noopener\">tools.google.com\/dlpage\/gaoptout<\/a>).\r\n<h2><strong>M\u00e1s informaci\u00f3n<\/strong><\/h2>\r\nSi tiene alguna pregunta sobre nuestro uso de cookies, p\u00f3ngase en contacto con nosotros en la siguiente direcci\u00f3n de correo electr\u00f3nico: <a href=\"mailto:dpo@veritasint.com\">dpo@veritasint.com<\/a>\t\t\t\t\t\t<\/div>\n\t\t\t\t<\/div>\n\t\t\t\t\t<\/div>\n\t\t<\/div>\n\t\t\t\t\t<\/div>\n\t\t<\/section>\n\t\t\t\t<\/div>\n\t\t","protected":false},"excerpt":{"rendered":"<p>Pol\u00edtica de cookies \u00bfQui\u00e9nes somos? Veritas Intercontinental (\u00abVeritas\u00bb, \u00abnosotros\u00bb, \u00abnos\u00bb, \u00abnuestro\u00bb) se compromete a proteger y respetar su privacidad como proveedor de servicios y controlador de su informaci\u00f3n. Esta pol\u00edtica explica c\u00f3mo utilizamos las cookies y las tecnolog\u00edas relacionadas (denominadas colectivamente \u00abCookies\u00bb) para proporcionarle nuestros servicios a trav\u00e9s de nuestro sitio web www.veritasint.com (el \u00absitio\u00bb [&hellip;]<\/p>\n","protected":false},"author":1,"featured_media":0,"parent":0,"menu_order":0,"comment_status":"closed","ping_status":"closed","template":"","meta":{"_acf_changed":false,"inline_featured_image":false,"footnotes":""},"class_list":["post-6269","page","type-page","status-publish","hentry"],"acf":[],"yoast_head":"<!-- This site is optimized with the Yoast SEO plugin v23.8 - https:\/\/yoast.com\/wordpress\/plugins\/seo\/ -->\n<title>Pol\u00edtica de cookies - DxServices by Veritas<\/title>\n<meta name=\"robots\" content=\"index, follow, max-snippet:-1, max-image-preview:large, max-video-preview:-1\" \/>\n<link rel=\"canonical\" href=\"https:\/\/dxgeneticservices.com\/cookies-policy\/\" \/>\n<meta property=\"og:locale\" content=\"es_ES\" \/>\n<meta property=\"og:type\" content=\"article\" \/>\n<meta property=\"og:title\" content=\"Pol\u00edtica de cookies - DxServices by Veritas\" \/>\n<meta property=\"og:description\" content=\"Pol\u00edtica de cookies \u00bfQui\u00e9nes somos? Veritas Intercontinental (\u00abVeritas\u00bb, \u00abnosotros\u00bb, \u00abnos\u00bb, \u00abnuestro\u00bb) se compromete a proteger y respetar su privacidad como proveedor de servicios y controlador de su informaci\u00f3n. Esta pol\u00edtica explica c\u00f3mo utilizamos las cookies y las tecnolog\u00edas relacionadas (denominadas colectivamente \u00abCookies\u00bb) para proporcionarle nuestros servicios a trav\u00e9s de nuestro sitio web www.veritasint.com (el \u00absitio\u00bb [&hellip;]\" \/>\n<meta property=\"og:url\" content=\"https:\/\/dxgeneticservices.com\/cookies-policy\/\" \/>\n<meta property=\"og:site_name\" content=\"DxServices by Veritas\" \/>\n<meta property=\"article:modified_time\" content=\"2024-11-15T09:12:29+00:00\" \/>\n<meta name=\"twitter:card\" content=\"summary_large_image\" \/>\n<meta name=\"twitter:label1\" content=\"Tiempo de lectura\" \/>\n\t<meta name=\"twitter:data1\" content=\"10 minutos\" \/>\n<script type=\"application\/ld+json\" class=\"yoast-schema-graph\">{\"@context\":\"https:\/\/schema.org\",\"@graph\":[{\"@type\":\"WebPage\",\"@id\":\"https:\/\/dxgeneticservices.com\/cookies-policy\/\",\"url\":\"https:\/\/dxgeneticservices.com\/cookies-policy\/\",\"name\":\"Pol\u00edtica de cookies - DxServices by Veritas\",\"isPartOf\":{\"@id\":\"https:\/\/dxgeneticservices.com\/#website\"},\"datePublished\":\"2023-07-05T13:08:55+00:00\",\"dateModified\":\"2024-11-15T09:12:29+00:00\",\"breadcrumb\":{\"@id\":\"https:\/\/dxgeneticservices.com\/cookies-policy\/#breadcrumb\"},\"inLanguage\":\"es\",\"potentialAction\":[{\"@type\":\"ReadAction\",\"target\":[\"https:\/\/dxgeneticservices.com\/cookies-policy\/\"]}]},{\"@type\":\"BreadcrumbList\",\"@id\":\"https:\/\/dxgeneticservices.com\/cookies-policy\/#breadcrumb\",\"itemListElement\":[{\"@type\":\"ListItem\",\"position\":1,\"name\":\"Home\",\"item\":\"https:\/\/dxgeneticservices.com\/\"},{\"@type\":\"ListItem\",\"position\":2,\"name\":\"Pol\u00edtica de cookies\"}]},{\"@type\":\"WebSite\",\"@id\":\"https:\/\/dxgeneticservices.com\/#website\",\"url\":\"https:\/\/dxgeneticservices.com\/\",\"name\":\"DxServices by Veritas\",\"description\":\"\",\"publisher\":{\"@id\":\"https:\/\/dxgeneticservices.com\/#organization\"},\"potentialAction\":[{\"@type\":\"SearchAction\",\"target\":{\"@type\":\"EntryPoint\",\"urlTemplate\":\"https:\/\/dxgeneticservices.com\/?s={search_term_string}\"},\"query-input\":{\"@type\":\"PropertyValueSpecification\",\"valueRequired\":true,\"valueName\":\"search_term_string\"}}],\"inLanguage\":\"es\"},{\"@type\":\"Organization\",\"@id\":\"https:\/\/dxgeneticservices.com\/#organization\",\"name\":\"DxServices by Veritas\",\"url\":\"https:\/\/dxgeneticservices.com\/\",\"logo\":{\"@type\":\"ImageObject\",\"inLanguage\":\"es\",\"@id\":\"https:\/\/dxgeneticservices.com\/#\/schema\/logo\/image\/\",\"url\":\"https:\/\/dxgeneticservices.com\/wp-content\/uploads\/2023\/07\/DxServices-logo_blue.png\",\"contentUrl\":\"https:\/\/dxgeneticservices.com\/wp-content\/uploads\/2023\/07\/DxServices-logo_blue.png\",\"width\":1092,\"height\":323,\"caption\":\"DxServices by Veritas\"},\"image\":{\"@id\":\"https:\/\/dxgeneticservices.com\/#\/schema\/logo\/image\/\"}}]}<\/script>\n<!-- \/ Yoast SEO plugin. -->","yoast_head_json":{"title":"Pol\u00edtica de cookies - DxServices by Veritas","robots":{"index":"index","follow":"follow","max-snippet":"max-snippet:-1","max-image-preview":"max-image-preview:large","max-video-preview":"max-video-preview:-1"},"canonical":"https:\/\/dxgeneticservices.com\/cookies-policy\/","og_locale":"es_ES","og_type":"article","og_title":"Pol\u00edtica de cookies - DxServices by Veritas","og_description":"Pol\u00edtica de cookies \u00bfQui\u00e9nes somos? Veritas Intercontinental (\u00abVeritas\u00bb, \u00abnosotros\u00bb, \u00abnos\u00bb, \u00abnuestro\u00bb) se compromete a proteger y respetar su privacidad como proveedor de servicios y controlador de su informaci\u00f3n. Esta pol\u00edtica explica c\u00f3mo utilizamos las cookies y las tecnolog\u00edas relacionadas (denominadas colectivamente \u00abCookies\u00bb) para proporcionarle nuestros servicios a trav\u00e9s de nuestro sitio web www.veritasint.com (el \u00absitio\u00bb [&hellip;]","og_url":"https:\/\/dxgeneticservices.com\/cookies-policy\/","og_site_name":"DxServices by Veritas","article_modified_time":"2024-11-15T09:12:29+00:00","twitter_card":"summary_large_image","twitter_misc":{"Tiempo de lectura":"10 minutos"},"schema":{"@context":"https:\/\/schema.org","@graph":[{"@type":"WebPage","@id":"https:\/\/dxgeneticservices.com\/cookies-policy\/","url":"https:\/\/dxgeneticservices.com\/cookies-policy\/","name":"Pol\u00edtica de cookies - DxServices by Veritas","isPartOf":{"@id":"https:\/\/dxgeneticservices.com\/#website"},"datePublished":"2023-07-05T13:08:55+00:00","dateModified":"2024-11-15T09:12:29+00:00","breadcrumb":{"@id":"https:\/\/dxgeneticservices.com\/cookies-policy\/#breadcrumb"},"inLanguage":"es","potentialAction":[{"@type":"ReadAction","target":["https:\/\/dxgeneticservices.com\/cookies-policy\/"]}]},{"@type":"BreadcrumbList","@id":"https:\/\/dxgeneticservices.com\/cookies-policy\/#breadcrumb","itemListElement":[{"@type":"ListItem","position":1,"name":"Home","item":"https:\/\/dxgeneticservices.com\/"},{"@type":"ListItem","position":2,"name":"Pol\u00edtica de cookies"}]},{"@type":"WebSite","@id":"https:\/\/dxgeneticservices.com\/#website","url":"https:\/\/dxgeneticservices.com\/","name":"DxServices by Veritas","description":"","publisher":{"@id":"https:\/\/dxgeneticservices.com\/#organization"},"potentialAction":[{"@type":"SearchAction","target":{"@type":"EntryPoint","urlTemplate":"https:\/\/dxgeneticservices.com\/?s={search_term_string}"},"query-input":{"@type":"PropertyValueSpecification","valueRequired":true,"valueName":"search_term_string"}}],"inLanguage":"es"},{"@type":"Organization","@id":"https:\/\/dxgeneticservices.com\/#organization","name":"DxServices by Veritas","url":"https:\/\/dxgeneticservices.com\/","logo":{"@type":"ImageObject","inLanguage":"es","@id":"https:\/\/dxgeneticservices.com\/#\/schema\/logo\/image\/","url":"https:\/\/dxgeneticservices.com\/wp-content\/uploads\/2023\/07\/DxServices-logo_blue.png","contentUrl":"https:\/\/dxgeneticservices.com\/wp-content\/uploads\/2023\/07\/DxServices-logo_blue.png","width":1092,"height":323,"caption":"DxServices by Veritas"},"image":{"@id":"https:\/\/dxgeneticservices.com\/#\/schema\/logo\/image\/"}}]}},"_links":{"self":[{"href":"https:\/\/dxgeneticservices.com\/es\/wp-json\/wp\/v2\/pages\/6269"}],"collection":[{"href":"https:\/\/dxgeneticservices.com\/es\/wp-json\/wp\/v2\/pages"}],"about":[{"href":"https:\/\/dxgeneticservices.com\/es\/wp-json\/wp\/v2\/types\/page"}],"author":[{"embeddable":true,"href":"https:\/\/dxgeneticservices.com\/es\/wp-json\/wp\/v2\/users\/1"}],"replies":[{"embeddable":true,"href":"https:\/\/dxgeneticservices.com\/es\/wp-json\/wp\/v2\/comments?post=6269"}],"version-history":[{"count":1,"href":"https:\/\/dxgeneticservices.com\/es\/wp-json\/wp\/v2\/pages\/6269\/revisions"}],"predecessor-version":[{"id":6270,"href":"https:\/\/dxgeneticservices.com\/es\/wp-json\/wp\/v2\/pages\/6269\/revisions\/6270"}],"wp:attachment":[{"href":"https:\/\/dxgeneticservices.com\/es\/wp-json\/wp\/v2\/media?parent=6269"}],"curies":[{"name":"wp","href":"https:\/\/api.w.org\/{rel}","templated":true}]}}