{"id":6275,"date":"2023-07-05T15:09:03","date_gmt":"2023-07-05T13:09:03","guid":{"rendered":"https:\/\/dxgeneticservices.com\/terminos-de-usos\/"},"modified":"2024-11-15T10:55:31","modified_gmt":"2024-11-15T09:55:31","slug":"terminos-de-usos","status":"publish","type":"page","link":"https:\/\/dxgeneticservices.com\/es\/terminos-de-usos\/","title":{"rendered":"T\u00e9rminos de usos"},"content":{"rendered":"\t\t<div data-elementor-type=\"wp-page\" data-elementor-id=\"6275\" class=\"elementor elementor-6275 elementor-24\" data-elementor-post-type=\"page\">\n\t\t\t\t\t\t<section class=\"elementor-section elementor-top-section elementor-element elementor-element-2a7a31f0 elementor-section-boxed elementor-section-height-default elementor-section-height-default\" data-id=\"2a7a31f0\" data-element_type=\"section\">\n\t\t\t\t\t\t<div class=\"elementor-container elementor-column-gap-default\">\n\t\t\t\t\t<div class=\"elementor-column elementor-col-100 elementor-top-column elementor-element elementor-element-202aa812\" data-id=\"202aa812\" data-element_type=\"column\">\n\t\t\t<div class=\"elementor-widget-wrap elementor-element-populated\">\n\t\t\t\t\t\t<div class=\"elementor-element elementor-element-61c05b5c elementor-widget elementor-widget-heading\" data-id=\"61c05b5c\" data-element_type=\"widget\" data-widget_type=\"heading.default\">\n\t\t\t\t<div class=\"elementor-widget-container\">\n\t\t\t<h1 class=\"elementor-heading-title elementor-size-default\"><strong>Condiciones generales de contrataci\u00f3n<\/strong><\/h1>\t\t<\/div>\n\t\t\t\t<\/div>\n\t\t\t\t<div class=\"elementor-element elementor-element-43f7b1b elementor-widget elementor-widget-text-editor\" data-id=\"43f7b1b\" data-element_type=\"widget\" data-widget_type=\"text-editor.default\">\n\t\t\t\t<div class=\"elementor-widget-container\">\n\t\t\t\t\t\t\t<h2><strong>I. DATOS IDENTIFICATIVOS<\/strong><\/h2>\r\n<p>VERITAS INTERCONTINENTAL, S.L., con domicilio social en Madrid, Calle Orense 58, 2\u00ba C-D, 28020 Madrid y provista de CIF B-88132907 pone a disposici\u00f3n de todos los usuarios de Internet la posibilidad de adquirir los productos y contratar los servicios ofrecidos a trav\u00e9s de este Sitio web, cuya utilizaci\u00f3n est\u00e1 sujeta a las presentes Condiciones Generales de Contrataci\u00f3n y dem\u00e1s textos legales accesibles del site.<\/p>\r\n<h2><strong>II. OBJETO<\/strong><\/h2>\r\n<p>Las presentes Condiciones Generales de Contrataci\u00f3n tienen por objeto regular la adquisici\u00f3n de los productos ofertados \/ servicios prestados, en el presente Sitio web. VERITAS INTERCONTINENTAL, a trav\u00e9s de su plataforma pone sus productos y servicios a disposici\u00f3n de todos los usuarios de Internet.<\/p>\r\n<p>El CLIENTE mediante la compra de los productos y la contrataci\u00f3n de los servicios ofertados en el site declara conocer y aceptar sin reserva ni excepci\u00f3n alguna, todas y cada una de las Condiciones Generales que en este documento se exponen, quedando vinculados por \u00e9stas tal y como estuvieren redactadas en el momento de la contrataci\u00f3n.<\/p>\r\n<p>VERITAS INTERCONTINENTAL est\u00e1 capacitado para reestructurar, modificar o eliminar cualquier informaci\u00f3n, servicio o contenido incluido en el Sitio Web, sin necesidad de previo aviso. Ser\u00e1 requisito indispensable la lectura y aceptaci\u00f3n de las Condiciones Generales con car\u00e1cter previo a la compra de cualquier producto y contrataci\u00f3n de servicios a trav\u00e9s del Sitio Web, debiendo el CLIENTE confirmar la casilla de aceptaci\u00f3n de las presentes Condiciones Generales.<\/p>\r\n<p>A trav\u00e9s del Sitio Web se facilitar\u00e1 a todos los CLIENTES registrados la posibilidad de acceder a los contenidos, servicios y dem\u00e1s informaci\u00f3n concerniente a los productos y servicios ofertados en la misma. Las presentes Condiciones Generales constituyen \u00edntegramente lo convenido entre las partes en lo referente a las transacciones on-line de compraventa y prestaci\u00f3n de servicios entre VERITAS INTERCONTINENTAL y sus CLIENTES.<\/p>\r\n<p>El CLIENTE deber\u00e1 tener capacidad para contratar el servicio y adquirir los productos que se ofrecen en el Sitio Web. De este modo, s\u00f3lo podr\u00e1n adquirir productos y contratar los servicios ofertados en el Sitio Web los mayores de 18 a\u00f1os con capacidad suficiente para contratar.<\/p>\r\n<h2><strong>III. CONTENIDO Y ACTUACIONES DEL SITIO WEB<\/strong><\/h2>\r\n<p>La informaci\u00f3n contenida en este Sitio Web no deber\u00e1 ser considerada en ning\u00fan momento ni completa ni exhaustiva debido a la variada gama y a las particularidades de cada uno de los productos y servicios existentes.<\/p>\r\n<h2><strong>IV. PROCEDIMIENTO DE COMPRA<\/strong><\/h2>\r\n<p>Estos son los pasos que seguir\u00e1 en el proceso de compra:<\/p>\r\n<p>Selecci\u00f3n de productos\/servicios: El CLIENTE al entrar en el Sitio Web (o navegando por el Sitio Web) podr\u00e1 escoger los productos o servicios deseados. Todos los productos o servicios que aparecen en el Sitio Web vendr\u00e1n acompa\u00f1ados de una descripci\u00f3n del mismo, junto a la informaci\u00f3n adicional y al precio (a excepci\u00f3n de los productos de la secci\u00f3n myDiagnostic los cu\u00e1les precisan de una consulta de asesoramiento gen\u00e9tico para determinar qu\u00e9 producto es el adecuado para la persona interesada). Si el CLIENTE decide comprarlo, en esa misma pantalla deber\u00e1 seleccionar la opci\u00f3n \u201cA\u00f1adir al carrito\u201d. Los productos \/ servicios seleccionados por el CLIENTE se a\u00f1adir\u00e1n al carrito de compra.<\/p>\r\n<p>Carrito de la compra: Una vez que el CLIENTE o Usuario haya terminado el proceso de selecci\u00f3n, deber\u00e1 hacer \u201cclic\u201d en el s\u00edmbolo del carrito de la compra que aparecer\u00e1 en todo momento en la esquina superior derecha del Sitio Web para continuar con el proceso o en el mensaje emergente que dice \u201cVer carrito\u201d. Seguido le aparecer\u00e1 un resumen de la compra, para facilitar su comprobaci\u00f3n, y debajo tendr\u00e1 la opci\u00f3n de \u201cFinalizar compra\u201d. Posteriormente le aparecer\u00e1 un formulario de recogida de datos para proceder al env\u00edo del producto \/ servicio, pudiendo crear una cuenta en VERITAS INTERCONTINENTAL, o bien, podr\u00e1 introducir usuario y contrase\u00f1a en el caso de que previamente se hubiera registrado.<\/p>\r\n<p><strong>NOTA:<\/strong><\/p>\r\n<p>Todos nuestros test gen\u00e9ticos requieren prescripci\u00f3n m\u00e9dica. Si por cualquier circunstancia el test adquirido no pudiera ser prescrito se devolver\u00eda el importe \u00edntegro del mismo al CLIENTE. Si tras la sesi\u00f3n de asesoramiento gen\u00e9tico pretest, el asesor gen\u00e9tico determinara que el CLIENTE debe hacerse un test gen\u00e9tico de menor valor al adquirido, VERITAS INTERCONTINENTAL devolver\u00eda la diferencia al CLIENTE.<\/p>\r\n<h2><strong>V. POL\u00cdTICA DE ENV\u00cdOS, DEVOLUCIONES Y DERECHO DE DESISTIMIENTO<\/strong><\/h2>\r\n<p><strong>POL\u00cdTICA DE ENV\u00cdOS<\/strong><\/p>\r\n<p>El plazo de env\u00edo del kit de recogida de la muestra es de 1 a 3 d\u00edas para Espa\u00f1a y para el resto de Europa de un m\u00e1ximo de 5 d\u00edas.<\/p>\r\n<p><strong>POL\u00cdTICA DE DEVOLUCIONES<\/strong><\/p>\r\n<p>En relaci\u00f3n a las devoluciones est\u00e1s solo podr\u00e1n ser efectivas siempre y cuando el kit de recogida de la muestra no haya sido abierto, es decir, que el precinto de seguridad (pl\u00e1stico transparente o adhesivo -seg\u00fan el kit) no haya sido retirado ni el kit manipulado, en caso de ser as\u00ed se descontar\u00e1 el coste del kit del importe a devolver (25\u20ac). En caso de devoluci\u00f3n EL CLIENTE se har\u00e1 cargo del coste de recogida del kit.<\/p>\r\n<p><strong>DERECHO DE DESISTIMIENTO<\/strong><\/p>\r\n<p>El consumidor y usuario tendr\u00e1 derecho a desistir del pedido realizado a distancia sin alegar motivo, durante un periodo de catorce (14) d\u00edas naturales desde la correcta recepci\u00f3n del producto. El consumidor y usuario podr\u00e1 enviar la totalidad del pedido o, si lo prefiriese, podr\u00e1 enviar cualquiera de los productos que integraran el pedido total y, todo ello, sin penalizaci\u00f3n alguna y sin necesidad de indicar los motivos.<\/p>\r\n<p>El consumidor y usuario deber\u00e1 hacerse cargo del coste directo de la devoluci\u00f3n a VERITAS, tanto si devuelve el pedido por completo como si decide devolver s\u00f3lo algunos de los productos del pedido.<\/p>\r\n<p>Para formalizar la devoluci\u00f3n, deber\u00e1 contactar con VERITAS en el correo electr\u00f3nico info@veritasint.com, indicando en el asunto de este \u201cDerecho de desistimiento \u2013 y el n\u00famero de pedido\u201d y especificando en el cuerpo del correo su nombre, apellidos y direcci\u00f3n, as\u00ed como adjuntando una copia del Documento Nacional de Identidad o tarjeta de identificaci\u00f3n. Recibida dicha comunicaci\u00f3n, VERITAS le confirmar\u00e1 la recepci\u00f3n de la misma para que pueda proceder a la devoluci\u00f3n a sus oficinas.<\/p>\r\n<p>El consumidor y usuario deber\u00e1 enviar el producto a las siguientes oficinas de VERITAS:<\/p>\r\n<p>Calle Orense 58, 2\u00ba C-D, 28020 Madrid, Espa\u00f1a.<\/p>\r\n<p>VERITAS no se hace responsable de la empresa de mensajer\u00eda que el consumidor y usuario contrate para la devoluci\u00f3n del pedido. En este sentido, VERITAS recomienda al consumidor y usuario que exija a la empresa de mensajer\u00eda que le facilite el justificante de entrega una vez el mensajero haya depositado el producto en las oficinas de VERITAS, de manera que el consumidor y usuario tenga constancia de que el producto ha sido entregado correctamente a VERITAS. VERITAS no se hace responsable de la direcci\u00f3n donde el consumidor y usuario envi\u00e9 el pedido para su devoluci\u00f3n si esta es diferente a las indicadas. VERITAS podr\u00e1 solicitar al consumidor y usuario el env\u00edo de dicho justificante de entrega a los efectos de constatar la misma.<\/p>\r\n<p>Los gastos de la devoluci\u00f3n del pedido (como, por ejemplo, gastos de env\u00edo a trav\u00e9s de empresas de mensajer\u00eda) ser\u00e1n asumidos directamente por el consumidor y usuario.<\/p>\r\n<p>El producto deber\u00e1 encontrarse en perfectas condiciones y con todas sus etiquetas, embalajes y -en su caso-, documentaci\u00f3n y elementos accesorios originales que vinieran con el mismo. Si no se procediese de esta manera por parte del consumidor y usuario o si el producto hubiera sufrido alg\u00fan da\u00f1o, el consumidor y usuario acepta que el producto pueda sufrir una depreciaci\u00f3n o que VERITAS pueda rechazar el ejercicio del derecho de desistimiento por parte del consumidor y usuario.<\/p>\r\n<p>Una vez VERITAS compruebe que el pedido se encuentra en \u00f3ptimas condiciones, VERITAS proceder\u00e1 a devolver la totalidad de los importes pagados por el consumidor y usuario.<\/p>\r\n<p>Si el consumidor y usuario decidiese devolver el pedido por completo, VERITAS devolver\u00e1 al consumidor y usuario la totalidad de los importes que \u00e9ste hubiese pagado (incluido los gastos de env\u00edo relativos a la entrega de VERITAS al consumidor y usuario).<\/p>\r\n<p>Si el consumidor y usuario s\u00f3lo deseara devolver uno o algunos de los productos que formaban parte del pedido, VERITAS no podr\u00e1 devolverle los gastos de env\u00edo que el consumidor y usuario ha pagado por la totalidad del pedido.<\/p>\r\n<p>VERITAS informa a los consumidores y usuarios que el plazo de la devoluci\u00f3n de los importes pagados depender\u00e1 del m\u00e9todo de pago que hubiese utilizado el consumidor y usuario a la hora de comprar el producto:<\/p>\r\n<p>El consumidor y usuario ha realizado el pago mediante tarjeta de cr\u00e9dito\/d\u00e9bito, VERITAS le devolver\u00e1 el importe pagado en un plazo de 7 d\u00edas h\u00e1biles desde que el consumidor y usuario decidi\u00f3 resolver el contrato.<\/p>\r\n<p>El consumidor y usuario ha realizado el pago mediante PAYPAL, VERITAS le devolver\u00e1 el importe pagado en un plazo de 7 d\u00edas h\u00e1biles desde que el consumidor y usuario decidi\u00f3 resolver el contrato.<\/p>\r\n<p>El consumidor y usuario ha realizado el pago mediante transferencia bancaria, VERITAS le devolver\u00e1 el importe pagado en un plazo de 7 d\u00edas h\u00e1biles desde que el consumidor y usuario decidi\u00f3 resolver el contrato.<\/p>\r\n<p>En cualquier caso, VERITAS devolver\u00e1 los importes pagados a la mayor brevedad posible y, en todo caso, dentro de los catorce (14) d\u00edas naturales siguientes a la fecha en que el consumidor y usuario haya informado de su decisi\u00f3n de desistimiento del contrato.<\/p>\r\n<p>En el supuesto de las promociones aplicables a la adquisici\u00f3n de art\u00edculos independientes que incluyan la adici\u00f3n de un producto adicional o cualquier otra que implique la entrega de un producto extra de forma gratuita o de precio reducido u otras, si el consumidor y usuario decide aplicar su derecho de desistimiento sobre su compra, dicho derecho tendr\u00e1 efectos sobre el conjunto de productos proporcionados como parte de la promoci\u00f3n.<\/p>\r\n<h2><strong>VI. PROPIEDAD INDUSTRIAL E INTELECTUAL<\/strong><\/h2>\r\n<p>Esta web es propiedad de VERITAS INTERCONTINENTAL. Los derechos de Propiedad Intelectual y derechos de explotaci\u00f3n y reproducci\u00f3n de esta web, de sus p\u00e1ginas, pantallas, la informaci\u00f3n que contienen, su apariencia y dise\u00f1o, as\u00ed como los v\u00ednculos (hiperlinks) que se establezcan desde ella a otras p\u00e1ginas web, son propiedad exclusiva de VERITAS INTERCONTINENTAL, salvo que se especifique otra cosa. Todas las denominaciones, dise\u00f1os y\/o logotipos que componen esta p\u00e1gina son marcas debidamente registradas. Cualquier uso indebido de las mismas por persona diferente de su leg\u00edtimo titular podr\u00e1 ser perseguido de conformidad con la legislaci\u00f3n vigente. Los derechos de propiedad intelectual y marcas de terceros est\u00e1n destacados convenientemente y deben ser respetados por todo aquel que acceda a esta p\u00e1gina web. Solo para uso personal y privado se permite descargar los contenidos, copiar o imprimir cualquier p\u00e1gina de esta web. Queda prohibido reproducir, transmitir, modificar o suprimir la informaci\u00f3n, contenido u advertencias de esta web sin la previa autorizaci\u00f3n expresa y por escrito de VERITAS INTERCONTINENTAL.<\/p>\r\n<h2><strong>VII. LEGISLACION APLICABLE<\/strong><\/h2>\r\n<p>Las presentes Condiciones Generales de Contrataci\u00f3n se regir\u00e1n por la legislaci\u00f3n espa\u00f1ola y\/o europea.<\/p>\t\t\t\t\t\t<\/div>\n\t\t\t\t<\/div>\n\t\t\t\t\t<\/div>\n\t\t<\/div>\n\t\t\t\t\t<\/div>\n\t\t<\/section>\n\t\t\t\t<\/div>\n\t\t","protected":false},"excerpt":{"rendered":"<p>Condiciones generales de contrataci\u00f3n I. DATOS IDENTIFICATIVOS VERITAS INTERCONTINENTAL, S.L., con domicilio social en Madrid, Calle Orense 58, 2\u00ba C-D, 28020 Madrid y provista de CIF B-88132907 pone a disposici\u00f3n de todos los usuarios de Internet la posibilidad de adquirir los productos y contratar los servicios ofrecidos a trav\u00e9s de este Sitio web, cuya utilizaci\u00f3n [&hellip;]<\/p>\n","protected":false},"author":1,"featured_media":0,"parent":0,"menu_order":0,"comment_status":"closed","ping_status":"closed","template":"","meta":{"_acf_changed":false,"inline_featured_image":false,"footnotes":""},"class_list":["post-6275","page","type-page","status-publish","hentry"],"acf":[],"yoast_head":"<!-- This site is optimized with the Yoast SEO plugin v23.8 - https:\/\/yoast.com\/wordpress\/plugins\/seo\/ -->\n<title>T\u00e9rminos de usos - DxServices by Veritas<\/title>\n<meta name=\"robots\" content=\"index, follow, max-snippet:-1, max-image-preview:large, max-video-preview:-1\" \/>\n<link rel=\"canonical\" href=\"https:\/\/dxgeneticservices.com\/terms-of-use\/\" \/>\n<meta property=\"og:locale\" content=\"es_ES\" \/>\n<meta property=\"og:type\" content=\"article\" \/>\n<meta property=\"og:title\" content=\"T\u00e9rminos de usos - DxServices by Veritas\" \/>\n<meta property=\"og:description\" content=\"Condiciones generales de contrataci\u00f3n I. DATOS IDENTIFICATIVOS VERITAS INTERCONTINENTAL, S.L., con domicilio social en Madrid, Calle Orense 58, 2\u00ba C-D, 28020 Madrid y provista de CIF B-88132907 pone a disposici\u00f3n de todos los usuarios de Internet la posibilidad de adquirir los productos y contratar los servicios ofrecidos a trav\u00e9s de este Sitio web, cuya utilizaci\u00f3n [&hellip;]\" \/>\n<meta property=\"og:url\" content=\"https:\/\/dxgeneticservices.com\/terms-of-use\/\" \/>\n<meta property=\"og:site_name\" content=\"DxServices by Veritas\" \/>\n<meta property=\"article:modified_time\" content=\"2024-11-15T09:55:31+00:00\" \/>\n<meta name=\"twitter:card\" content=\"summary_large_image\" \/>\n<meta name=\"twitter:label1\" content=\"Tiempo de lectura\" \/>\n\t<meta name=\"twitter:data1\" content=\"10 minutos\" \/>\n<script type=\"application\/ld+json\" class=\"yoast-schema-graph\">{\"@context\":\"https:\/\/schema.org\",\"@graph\":[{\"@type\":\"WebPage\",\"@id\":\"https:\/\/dxgeneticservices.com\/terms-of-use\/\",\"url\":\"https:\/\/dxgeneticservices.com\/terms-of-use\/\",\"name\":\"T\u00e9rminos de usos - DxServices by Veritas\",\"isPartOf\":{\"@id\":\"https:\/\/dxgeneticservices.com\/#website\"},\"datePublished\":\"2023-07-05T13:09:03+00:00\",\"dateModified\":\"2024-11-15T09:55:31+00:00\",\"breadcrumb\":{\"@id\":\"https:\/\/dxgeneticservices.com\/terms-of-use\/#breadcrumb\"},\"inLanguage\":\"es\",\"potentialAction\":[{\"@type\":\"ReadAction\",\"target\":[\"https:\/\/dxgeneticservices.com\/terms-of-use\/\"]}]},{\"@type\":\"BreadcrumbList\",\"@id\":\"https:\/\/dxgeneticservices.com\/terms-of-use\/#breadcrumb\",\"itemListElement\":[{\"@type\":\"ListItem\",\"position\":1,\"name\":\"Home\",\"item\":\"https:\/\/dxgeneticservices.com\/\"},{\"@type\":\"ListItem\",\"position\":2,\"name\":\"T\u00e9rminos de usos\"}]},{\"@type\":\"WebSite\",\"@id\":\"https:\/\/dxgeneticservices.com\/#website\",\"url\":\"https:\/\/dxgeneticservices.com\/\",\"name\":\"DxServices by Veritas\",\"description\":\"\",\"publisher\":{\"@id\":\"https:\/\/dxgeneticservices.com\/#organization\"},\"potentialAction\":[{\"@type\":\"SearchAction\",\"target\":{\"@type\":\"EntryPoint\",\"urlTemplate\":\"https:\/\/dxgeneticservices.com\/?s={search_term_string}\"},\"query-input\":{\"@type\":\"PropertyValueSpecification\",\"valueRequired\":true,\"valueName\":\"search_term_string\"}}],\"inLanguage\":\"es\"},{\"@type\":\"Organization\",\"@id\":\"https:\/\/dxgeneticservices.com\/#organization\",\"name\":\"DxServices by Veritas\",\"url\":\"https:\/\/dxgeneticservices.com\/\",\"logo\":{\"@type\":\"ImageObject\",\"inLanguage\":\"es\",\"@id\":\"https:\/\/dxgeneticservices.com\/#\/schema\/logo\/image\/\",\"url\":\"https:\/\/dxgeneticservices.com\/wp-content\/uploads\/2023\/07\/DxServices-logo_blue.png\",\"contentUrl\":\"https:\/\/dxgeneticservices.com\/wp-content\/uploads\/2023\/07\/DxServices-logo_blue.png\",\"width\":1092,\"height\":323,\"caption\":\"DxServices by Veritas\"},\"image\":{\"@id\":\"https:\/\/dxgeneticservices.com\/#\/schema\/logo\/image\/\"}}]}<\/script>\n<!-- \/ Yoast SEO plugin. -->","yoast_head_json":{"title":"T\u00e9rminos de usos - DxServices by Veritas","robots":{"index":"index","follow":"follow","max-snippet":"max-snippet:-1","max-image-preview":"max-image-preview:large","max-video-preview":"max-video-preview:-1"},"canonical":"https:\/\/dxgeneticservices.com\/terms-of-use\/","og_locale":"es_ES","og_type":"article","og_title":"T\u00e9rminos de usos - DxServices by Veritas","og_description":"Condiciones generales de contrataci\u00f3n I. DATOS IDENTIFICATIVOS VERITAS INTERCONTINENTAL, S.L., con domicilio social en Madrid, Calle Orense 58, 2\u00ba C-D, 28020 Madrid y provista de CIF B-88132907 pone a disposici\u00f3n de todos los usuarios de Internet la posibilidad de adquirir los productos y contratar los servicios ofrecidos a trav\u00e9s de este Sitio web, cuya utilizaci\u00f3n [&hellip;]","og_url":"https:\/\/dxgeneticservices.com\/terms-of-use\/","og_site_name":"DxServices by Veritas","article_modified_time":"2024-11-15T09:55:31+00:00","twitter_card":"summary_large_image","twitter_misc":{"Tiempo de lectura":"10 minutos"},"schema":{"@context":"https:\/\/schema.org","@graph":[{"@type":"WebPage","@id":"https:\/\/dxgeneticservices.com\/terms-of-use\/","url":"https:\/\/dxgeneticservices.com\/terms-of-use\/","name":"T\u00e9rminos de usos - DxServices by Veritas","isPartOf":{"@id":"https:\/\/dxgeneticservices.com\/#website"},"datePublished":"2023-07-05T13:09:03+00:00","dateModified":"2024-11-15T09:55:31+00:00","breadcrumb":{"@id":"https:\/\/dxgeneticservices.com\/terms-of-use\/#breadcrumb"},"inLanguage":"es","potentialAction":[{"@type":"ReadAction","target":["https:\/\/dxgeneticservices.com\/terms-of-use\/"]}]},{"@type":"BreadcrumbList","@id":"https:\/\/dxgeneticservices.com\/terms-of-use\/#breadcrumb","itemListElement":[{"@type":"ListItem","position":1,"name":"Home","item":"https:\/\/dxgeneticservices.com\/"},{"@type":"ListItem","position":2,"name":"T\u00e9rminos de usos"}]},{"@type":"WebSite","@id":"https:\/\/dxgeneticservices.com\/#website","url":"https:\/\/dxgeneticservices.com\/","name":"DxServices by Veritas","description":"","publisher":{"@id":"https:\/\/dxgeneticservices.com\/#organization"},"potentialAction":[{"@type":"SearchAction","target":{"@type":"EntryPoint","urlTemplate":"https:\/\/dxgeneticservices.com\/?s={search_term_string}"},"query-input":{"@type":"PropertyValueSpecification","valueRequired":true,"valueName":"search_term_string"}}],"inLanguage":"es"},{"@type":"Organization","@id":"https:\/\/dxgeneticservices.com\/#organization","name":"DxServices by Veritas","url":"https:\/\/dxgeneticservices.com\/","logo":{"@type":"ImageObject","inLanguage":"es","@id":"https:\/\/dxgeneticservices.com\/#\/schema\/logo\/image\/","url":"https:\/\/dxgeneticservices.com\/wp-content\/uploads\/2023\/07\/DxServices-logo_blue.png","contentUrl":"https:\/\/dxgeneticservices.com\/wp-content\/uploads\/2023\/07\/DxServices-logo_blue.png","width":1092,"height":323,"caption":"DxServices by Veritas"},"image":{"@id":"https:\/\/dxgeneticservices.com\/#\/schema\/logo\/image\/"}}]}},"_links":{"self":[{"href":"https:\/\/dxgeneticservices.com\/es\/wp-json\/wp\/v2\/pages\/6275"}],"collection":[{"href":"https:\/\/dxgeneticservices.com\/es\/wp-json\/wp\/v2\/pages"}],"about":[{"href":"https:\/\/dxgeneticservices.com\/es\/wp-json\/wp\/v2\/types\/page"}],"author":[{"embeddable":true,"href":"https:\/\/dxgeneticservices.com\/es\/wp-json\/wp\/v2\/users\/1"}],"replies":[{"embeddable":true,"href":"https:\/\/dxgeneticservices.com\/es\/wp-json\/wp\/v2\/comments?post=6275"}],"version-history":[{"count":1,"href":"https:\/\/dxgeneticservices.com\/es\/wp-json\/wp\/v2\/pages\/6275\/revisions"}],"predecessor-version":[{"id":6276,"href":"https:\/\/dxgeneticservices.com\/es\/wp-json\/wp\/v2\/pages\/6275\/revisions\/6276"}],"wp:attachment":[{"href":"https:\/\/dxgeneticservices.com\/es\/wp-json\/wp\/v2\/media?parent=6275"}],"curies":[{"name":"wp","href":"https:\/\/api.w.org\/{rel}","templated":true}]}}