{"id":6281,"date":"2023-08-22T13:30:37","date_gmt":"2023-08-22T11:30:37","guid":{"rendered":"https:\/\/dxgeneticservices.com\/accesibilidad\/"},"modified":"2024-11-15T11:09:57","modified_gmt":"2024-11-15T10:09:57","slug":"accesibilidad","status":"publish","type":"page","link":"https:\/\/dxgeneticservices.com\/es\/accesibilidad\/","title":{"rendered":"Accesibilidad"},"content":{"rendered":"\t\t<div data-elementor-type=\"wp-page\" data-elementor-id=\"6281\" class=\"elementor elementor-6281 elementor-4302\" data-elementor-post-type=\"page\">\n\t\t\t\t\t\t<section class=\"elementor-section elementor-top-section elementor-element elementor-element-6f0f6d9f elementor-section-boxed elementor-section-height-default elementor-section-height-default\" data-id=\"6f0f6d9f\" data-element_type=\"section\">\n\t\t\t\t\t\t<div class=\"elementor-container elementor-column-gap-default\">\n\t\t\t\t\t<div class=\"elementor-column elementor-col-100 elementor-top-column elementor-element elementor-element-3467bf18\" data-id=\"3467bf18\" data-element_type=\"column\">\n\t\t\t<div class=\"elementor-widget-wrap elementor-element-populated\">\n\t\t\t\t\t\t<div class=\"elementor-element elementor-element-47e3ce9e elementor-widget elementor-widget-heading\" data-id=\"47e3ce9e\" data-element_type=\"widget\" data-widget_type=\"heading.default\">\n\t\t\t\t<div class=\"elementor-widget-container\">\n\t\t\t<h1 class=\"elementor-heading-title elementor-size-default\"><strong>Accesibilidad<\/strong><\/h1>\t\t<\/div>\n\t\t\t\t<\/div>\n\t\t\t\t<div class=\"elementor-element elementor-element-2a56dfb elementor-widget elementor-widget-text-editor\" data-id=\"2a56dfb\" data-element_type=\"widget\" data-widget_type=\"text-editor.default\">\n\t\t\t\t<div class=\"elementor-widget-container\">\n\t\t\t\t\t\t\tEn Veritas Intercontinental SL queremos que nuestra p\u00e1gina web dxgeneticservices.com sea lo m\u00e1s accesible posible de acuerdo con el Real Decreto 1112\/2018, de 7 de septiembre, sobre accesibilidad de los sitios web y aplicaciones para dispositivos m\u00f3viles del sector p\u00fablico, incluso cuando nuestra entidad no est\u00e9 obligada a cumplir estos requisitos por ser una empresa privada.\r\n\r\nLa raz\u00f3n fundamental es que nuestra firma siempre ha velado por la igualdad y no discriminaci\u00f3n en el acceso al portal web de todas las personas que contactan con nosotros, especialmente aquellas con discapacidad o con dificultades en el uso de las tecnolog\u00edas digitales.\r\n\r\nPor ello, nuestro sitio web ha sido dise\u00f1ado de acuerdo con los requisitos m\u00ednimos que exige la normativa, pero tambi\u00e9n hemos implementado un proceso continuo de mantenimiento y actualizaci\u00f3n que tiene en cuenta las demandas de todos los usuarios, buscando siempre que nuestros contenidos sean perceptibles, operables , comprensible y robustos.\r\n<h2><strong>Aspectos t\u00e9cnicos y certificaciones.<\/strong><\/h2>\r\nNuestro sitio web est\u00e1 optimizado para los navegadores Microsoft Internet Explorer 8.0 o superior, as\u00ed como para las \u00faltimas versiones de Firefox, Safari, Opera y Google Chrome. La resoluci\u00f3n web m\u00ednima recomendada es 1280\u00d71024 en computadoras de escritorio. Adem\u00e1s, se puede acceder desde cualquier tableta y dispositivo m\u00f3vil, estando optimizado para su visualizaci\u00f3n en las \u00faltimas versiones actuales de Chrome para m\u00f3viles, Firefox para m\u00f3viles, Safari m\u00f3vil, Opera Mini y el navegador nativo de Android. Hemos intentado que nuestro contenido est\u00e9 disponible en varios formatos (pdf, xls), para garantizar la compatibilidad siempre que sea posible, y hemos comprobado que no haya hiperv\u00ednculos a p\u00e1ginas o contenidos fuera de l\u00ednea. Esta web a\u00fan no est\u00e1 conforme al RD 1112\/2018 ni a la UNE, pero estamos trabajando para alcanzar los niveles que nos permitan conseguir una certificaci\u00f3n AA o AAA, para la norma UNE 139803 y, por tanto, las pautas de accesibilidad de la WAI ( Iniciativa de Accesibilidad Web). Esta declaraci\u00f3n fue elaborada el 22 de febrero de 2023. El m\u00e9todo utilizado para elaborar la declaraci\u00f3n ha sido una autoevaluaci\u00f3n interna realizada por personal propio. \u00daltima revisi\u00f3n del comunicado: 22 de agosto de 2023.\r\n<h2><strong>Comunicaciones, quejas y reclamaciones<\/strong><\/h2>\r\nPodr\u00e1 realizar comunicaciones sobre requisitos de accesibilidad (art\u00edculo 10.2.a del Real Decreto 1112\/2018, de 7 de septiembre) tales como: Informar de cualquier posible incumplimiento por parte de este sitio web. Transmitir otras dificultades de acceso a contenidos. Formular cualquier otra consulta o sugerencia de mejora relacionada con la accesibilidad del sitio web. A trav\u00e9s de nuestra p\u00e1gina web mediante el formulario al que podr\u00e1 acceder desde <a href=\"https:\/\/dxgeneticservices.com\/es\/contacto\/\">aqu\u00ed<\/a>.\t\t\t\t\t\t<\/div>\n\t\t\t\t<\/div>\n\t\t\t\t\t<\/div>\n\t\t<\/div>\n\t\t\t\t\t<\/div>\n\t\t<\/section>\n\t\t\t\t<\/div>\n\t\t","protected":false},"excerpt":{"rendered":"<p>Accesibilidad En Veritas Intercontinental SL queremos que nuestra p\u00e1gina web dxgeneticservices.com sea lo m\u00e1s accesible posible de acuerdo con el Real Decreto 1112\/2018, de 7 de septiembre, sobre accesibilidad de los sitios web y aplicaciones para dispositivos m\u00f3viles del sector p\u00fablico, incluso cuando nuestra entidad no est\u00e9 obligada a cumplir estos requisitos por ser una [&hellip;]<\/p>\n","protected":false},"author":1,"featured_media":0,"parent":0,"menu_order":0,"comment_status":"closed","ping_status":"closed","template":"","meta":{"_acf_changed":false,"inline_featured_image":false,"footnotes":""},"class_list":["post-6281","page","type-page","status-publish","hentry"],"acf":[],"yoast_head":"<!-- This site is optimized with the Yoast SEO plugin v23.8 - https:\/\/yoast.com\/wordpress\/plugins\/seo\/ -->\n<title>Accesibilidad - DxServices by Veritas<\/title>\n<meta name=\"robots\" content=\"index, follow, max-snippet:-1, max-image-preview:large, max-video-preview:-1\" \/>\n<link rel=\"canonical\" href=\"https:\/\/dxgeneticservices.com\/accessibility\/\" \/>\n<meta property=\"og:locale\" content=\"es_ES\" \/>\n<meta property=\"og:type\" content=\"article\" \/>\n<meta property=\"og:title\" content=\"Accesibilidad - DxServices by Veritas\" \/>\n<meta property=\"og:description\" content=\"Accesibilidad En Veritas Intercontinental SL queremos que nuestra p\u00e1gina web dxgeneticservices.com sea lo m\u00e1s accesible posible de acuerdo con el Real Decreto 1112\/2018, de 7 de septiembre, sobre accesibilidad de los sitios web y aplicaciones para dispositivos m\u00f3viles del sector p\u00fablico, incluso cuando nuestra entidad no est\u00e9 obligada a cumplir estos requisitos por ser una [&hellip;]\" \/>\n<meta property=\"og:url\" content=\"https:\/\/dxgeneticservices.com\/accessibility\/\" \/>\n<meta property=\"og:site_name\" content=\"DxServices by Veritas\" \/>\n<meta property=\"article:modified_time\" content=\"2024-11-15T10:09:57+00:00\" \/>\n<meta name=\"twitter:card\" content=\"summary_large_image\" \/>\n<meta name=\"twitter:label1\" content=\"Tiempo de lectura\" \/>\n\t<meta name=\"twitter:data1\" content=\"2 minutos\" \/>\n<script type=\"application\/ld+json\" class=\"yoast-schema-graph\">{\"@context\":\"https:\/\/schema.org\",\"@graph\":[{\"@type\":\"WebPage\",\"@id\":\"https:\/\/dxgeneticservices.com\/accessibility\/\",\"url\":\"https:\/\/dxgeneticservices.com\/accessibility\/\",\"name\":\"Accesibilidad - DxServices by Veritas\",\"isPartOf\":{\"@id\":\"https:\/\/dxgeneticservices.com\/#website\"},\"datePublished\":\"2023-08-22T11:30:37+00:00\",\"dateModified\":\"2024-11-15T10:09:57+00:00\",\"breadcrumb\":{\"@id\":\"https:\/\/dxgeneticservices.com\/accessibility\/#breadcrumb\"},\"inLanguage\":\"es\",\"potentialAction\":[{\"@type\":\"ReadAction\",\"target\":[\"https:\/\/dxgeneticservices.com\/accessibility\/\"]}]},{\"@type\":\"BreadcrumbList\",\"@id\":\"https:\/\/dxgeneticservices.com\/accessibility\/#breadcrumb\",\"itemListElement\":[{\"@type\":\"ListItem\",\"position\":1,\"name\":\"Home\",\"item\":\"https:\/\/dxgeneticservices.com\/\"},{\"@type\":\"ListItem\",\"position\":2,\"name\":\"Accesibilidad\"}]},{\"@type\":\"WebSite\",\"@id\":\"https:\/\/dxgeneticservices.com\/#website\",\"url\":\"https:\/\/dxgeneticservices.com\/\",\"name\":\"DxServices by Veritas\",\"description\":\"\",\"publisher\":{\"@id\":\"https:\/\/dxgeneticservices.com\/#organization\"},\"potentialAction\":[{\"@type\":\"SearchAction\",\"target\":{\"@type\":\"EntryPoint\",\"urlTemplate\":\"https:\/\/dxgeneticservices.com\/?s={search_term_string}\"},\"query-input\":{\"@type\":\"PropertyValueSpecification\",\"valueRequired\":true,\"valueName\":\"search_term_string\"}}],\"inLanguage\":\"es\"},{\"@type\":\"Organization\",\"@id\":\"https:\/\/dxgeneticservices.com\/#organization\",\"name\":\"DxServices by Veritas\",\"url\":\"https:\/\/dxgeneticservices.com\/\",\"logo\":{\"@type\":\"ImageObject\",\"inLanguage\":\"es\",\"@id\":\"https:\/\/dxgeneticservices.com\/#\/schema\/logo\/image\/\",\"url\":\"https:\/\/dxgeneticservices.com\/wp-content\/uploads\/2023\/07\/DxServices-logo_blue.png\",\"contentUrl\":\"https:\/\/dxgeneticservices.com\/wp-content\/uploads\/2023\/07\/DxServices-logo_blue.png\",\"width\":1092,\"height\":323,\"caption\":\"DxServices by Veritas\"},\"image\":{\"@id\":\"https:\/\/dxgeneticservices.com\/#\/schema\/logo\/image\/\"}}]}<\/script>\n<!-- \/ Yoast SEO plugin. -->","yoast_head_json":{"title":"Accesibilidad - DxServices by Veritas","robots":{"index":"index","follow":"follow","max-snippet":"max-snippet:-1","max-image-preview":"max-image-preview:large","max-video-preview":"max-video-preview:-1"},"canonical":"https:\/\/dxgeneticservices.com\/accessibility\/","og_locale":"es_ES","og_type":"article","og_title":"Accesibilidad - DxServices by Veritas","og_description":"Accesibilidad En Veritas Intercontinental SL queremos que nuestra p\u00e1gina web dxgeneticservices.com sea lo m\u00e1s accesible posible de acuerdo con el Real Decreto 1112\/2018, de 7 de septiembre, sobre accesibilidad de los sitios web y aplicaciones para dispositivos m\u00f3viles del sector p\u00fablico, incluso cuando nuestra entidad no est\u00e9 obligada a cumplir estos requisitos por ser una [&hellip;]","og_url":"https:\/\/dxgeneticservices.com\/accessibility\/","og_site_name":"DxServices by Veritas","article_modified_time":"2024-11-15T10:09:57+00:00","twitter_card":"summary_large_image","twitter_misc":{"Tiempo de lectura":"2 minutos"},"schema":{"@context":"https:\/\/schema.org","@graph":[{"@type":"WebPage","@id":"https:\/\/dxgeneticservices.com\/accessibility\/","url":"https:\/\/dxgeneticservices.com\/accessibility\/","name":"Accesibilidad - DxServices by Veritas","isPartOf":{"@id":"https:\/\/dxgeneticservices.com\/#website"},"datePublished":"2023-08-22T11:30:37+00:00","dateModified":"2024-11-15T10:09:57+00:00","breadcrumb":{"@id":"https:\/\/dxgeneticservices.com\/accessibility\/#breadcrumb"},"inLanguage":"es","potentialAction":[{"@type":"ReadAction","target":["https:\/\/dxgeneticservices.com\/accessibility\/"]}]},{"@type":"BreadcrumbList","@id":"https:\/\/dxgeneticservices.com\/accessibility\/#breadcrumb","itemListElement":[{"@type":"ListItem","position":1,"name":"Home","item":"https:\/\/dxgeneticservices.com\/"},{"@type":"ListItem","position":2,"name":"Accesibilidad"}]},{"@type":"WebSite","@id":"https:\/\/dxgeneticservices.com\/#website","url":"https:\/\/dxgeneticservices.com\/","name":"DxServices by Veritas","description":"","publisher":{"@id":"https:\/\/dxgeneticservices.com\/#organization"},"potentialAction":[{"@type":"SearchAction","target":{"@type":"EntryPoint","urlTemplate":"https:\/\/dxgeneticservices.com\/?s={search_term_string}"},"query-input":{"@type":"PropertyValueSpecification","valueRequired":true,"valueName":"search_term_string"}}],"inLanguage":"es"},{"@type":"Organization","@id":"https:\/\/dxgeneticservices.com\/#organization","name":"DxServices by Veritas","url":"https:\/\/dxgeneticservices.com\/","logo":{"@type":"ImageObject","inLanguage":"es","@id":"https:\/\/dxgeneticservices.com\/#\/schema\/logo\/image\/","url":"https:\/\/dxgeneticservices.com\/wp-content\/uploads\/2023\/07\/DxServices-logo_blue.png","contentUrl":"https:\/\/dxgeneticservices.com\/wp-content\/uploads\/2023\/07\/DxServices-logo_blue.png","width":1092,"height":323,"caption":"DxServices by Veritas"},"image":{"@id":"https:\/\/dxgeneticservices.com\/#\/schema\/logo\/image\/"}}]}},"_links":{"self":[{"href":"https:\/\/dxgeneticservices.com\/es\/wp-json\/wp\/v2\/pages\/6281"}],"collection":[{"href":"https:\/\/dxgeneticservices.com\/es\/wp-json\/wp\/v2\/pages"}],"about":[{"href":"https:\/\/dxgeneticservices.com\/es\/wp-json\/wp\/v2\/types\/page"}],"author":[{"embeddable":true,"href":"https:\/\/dxgeneticservices.com\/es\/wp-json\/wp\/v2\/users\/1"}],"replies":[{"embeddable":true,"href":"https:\/\/dxgeneticservices.com\/es\/wp-json\/wp\/v2\/comments?post=6281"}],"version-history":[{"count":1,"href":"https:\/\/dxgeneticservices.com\/es\/wp-json\/wp\/v2\/pages\/6281\/revisions"}],"predecessor-version":[{"id":6282,"href":"https:\/\/dxgeneticservices.com\/es\/wp-json\/wp\/v2\/pages\/6281\/revisions\/6282"}],"wp:attachment":[{"href":"https:\/\/dxgeneticservices.com\/es\/wp-json\/wp\/v2\/media?parent=6281"}],"curies":[{"name":"wp","href":"https:\/\/api.w.org\/{rel}","templated":true}]}}