{"id":6277,"date":"2023-07-05T15:09:03","date_gmt":"2023-07-05T13:09:03","guid":{"rendered":"https:\/\/dxgeneticservices.com\/termini-di-utilizzo\/"},"modified":"2024-11-15T10:58:14","modified_gmt":"2024-11-15T09:58:14","slug":"termini-di-utilizzo","status":"publish","type":"page","link":"https:\/\/dxgeneticservices.com\/it\/termini-di-utilizzo\/","title":{"rendered":"Termini di utilizzo"},"content":{"rendered":"\t\t<div data-elementor-type=\"wp-page\" data-elementor-id=\"6277\" class=\"elementor elementor-6277 elementor-24\" data-elementor-post-type=\"page\">\n\t\t\t\t\t\t<section class=\"elementor-section elementor-top-section elementor-element elementor-element-2a7a31f0 elementor-section-boxed elementor-section-height-default elementor-section-height-default\" data-id=\"2a7a31f0\" data-element_type=\"section\">\n\t\t\t\t\t\t<div class=\"elementor-container elementor-column-gap-default\">\n\t\t\t\t\t<div class=\"elementor-column elementor-col-100 elementor-top-column elementor-element elementor-element-202aa812\" data-id=\"202aa812\" data-element_type=\"column\">\n\t\t\t<div class=\"elementor-widget-wrap elementor-element-populated\">\n\t\t\t\t\t\t<div class=\"elementor-element elementor-element-61c05b5c elementor-widget elementor-widget-heading\" data-id=\"61c05b5c\" data-element_type=\"widget\" data-widget_type=\"heading.default\">\n\t\t\t\t<div class=\"elementor-widget-container\">\n\t\t\t<h1 class=\"elementor-heading-title elementor-size-default\"><strong>Condizioni generali di contratto<\/strong><\/h1>\t\t<\/div>\n\t\t\t\t<\/div>\n\t\t\t\t<div class=\"elementor-element elementor-element-43f7b1b elementor-widget elementor-widget-text-editor\" data-id=\"43f7b1b\" data-element_type=\"widget\" data-widget_type=\"text-editor.default\">\n\t\t\t\t<div class=\"elementor-widget-container\">\n\t\t\t\t\t\t\t<h2><strong>I. DATI DI IDENTIFICAZIONE<\/strong><\/h2>\r\n<p>VERITAS INTERCONTINENTAL, S.L. con sede legale a Madrid, PCalle Orense 58, 2\u00ba C-D, 28020 e Partita IVA B-88132907 mette a disposizione di tutti gli utenti Internet la possibilit\u00e0 di acquistare i prodotti e contrarre i servizi offerti attraverso questo sito Web, l\u2019uso dei quali \u00e8 soggetto a queste Condizioni Generali di Contratto e altri testi legali accessibili dal sito.<\/p>\r\n<h2><strong>II. OGGETTO<\/strong><\/h2>\r\n<p>Lo scopo di queste Condizioni Generali di Contratto \u00e8 di regolare l\u2019acquisizione dei prodotti offerti \/ servizi forniti, su questo sito web. VERITAS INTERCONTINENTAL, attraverso la sua piattaforma mette i suoi prodotti e servizi disponibili a tutti gli utenti di Internet.<\/p>\r\n<p>Il CLIENTE acquistando i prodotti e contraendo i servizi offerti sul sito dichiara di conoscere e accettare senza riserve o eccezioni, ognuna delle Condizioni Generali di Contratto che in questo documento sono esposte, restando vincolato ad esse come al tempo della loro redaziane nel momento dell\u2019acquisto.<\/p>\r\n<p>VERITAS INTERCONTINENTAL \u00e8 in grado di ristrutturare, modificare o eliminare qualsiasi informazione, servizio o contenuto incluso nel sito Web, senza preavviso. Sar\u00e0 essenziale leggere e accettare le Condizioni Generali di Contratto prima dell\u2019acquisto di qualsiasi prodotto o servizio attraverso il Sito Web, il CLIENTE deve confermare la casella di controllo (check box) delle Condizioni Generali di Contratto.<\/p>\r\n<p>Attraverso il Sito Web, tutti i CLIENTI registrati riceveranno la possibilit\u00e0 di accedere a contenuti, servizi e altre informazioni relative ai prodotti e ai servizi offerti. Le presenti Condizioni Generali costituiscono integralmente l\u2019accordo tra le parti in relazione alle transazioni online di vendita e alla fornitura di servizi tra VERITAS INTERCONTINENTAL e i suoi CLIENTI.<\/p>\r\n<p>Il CLIENTE deve avere la capacit\u00e0 di contrattare il servizio e acquisire i prodotti offerti sul sito web. In questo modo, solo i maggiori di 18 anni con sufficiente capacit\u00e0 contrattuale possono acquistare i prodotti e contrarre i servizi offerti sul sito web.<\/p>\r\n<h2><strong>III. CONTENUTO E AZIONI DEL SITO WEB<\/strong><\/h2>\r\n<p>Le informazioni contenute in questo sito Web non devono essere considerate in qualsiasi momento n\u00e9 complete n\u00e9 esaustive a causa della gamma varia e delle particolarit\u00e0 di ciascuno dei prodotti e servizi esistenti.<\/p>\r\n<h2><strong>IV. PROCESSO DI ACQUISTO<\/strong><\/h2>\r\n<p>Ecco i passaggi da seguire nel processo di acquisto:<\/p>\r\n<ul>\r\n  <li><strong>Selezione di prodotti \/ servizi:<\/strong> Il CLIENTE quando accede al sito Web (o naviga nel sito Web) pu\u00f2 scegliere i prodotti o servizi desiderati. Tutti i prodotti o servizi che appaiono sul Sito Web saranno accompagnati da una descrizione, insieme ad informazioni e prezzi aggiuntivi (ad eccezione dei prodotti nella sezione myDiagnostic che richiedono una consulenza di consulenza genetica approfondita per determinare quale prodotto \u00e8 appropriato per la persona ha riguardato). Se il CLIENTE decide di acquistarlo, deve scegliere l\u2019opzione \u201cAggiungi al carrello\u201d nella pagina del prodotto. I prodotti \/ servizi selezionati dal cliente verranno aggiunti al carrello.<\/li>\r\n  <li><strong>Carrello:<\/strong> una volta che il CLIENTE o l\u2019utente ha completato il processo di selezione, lui \/ lei deve cliccare sul simbolo del carrello che apparir\u00e0 in ogni momento nell\u2019angolo in alto a destra del sito Web per continuare il processo o sul pop-up messaggio che dice \u201cVisualizza carrello\u201d. L\u00ec vedr\u00e0 un riepilogo dell\u2019acquisto, per facilitare la verifica e al di sotto dell\u2019opzione \u201cFinalizza acquisto\u201d. Successivamente verr\u00e0 reindirizzato a un modulo di acquisto per la raccolta dei dati per procedere all\u2019invio del prodotto selezionato. Il CLIENTE potr\u00e0 creare un account in VERITAS INTERCONTINENTAL, o potr\u00e0 inserire le sue credenziali se si \u00e8 registrato in precedenza.<\/li>\r\n<\/ul>\r\n<p><strong>NOTA SUPPLEMENTARE:<\/strong><\/p>\r\n<p>Tutti i nostri test genetici richiedono una prescrizione medica. Se in qualsiasi circostanza il test acquisito non potesse essere prescritto, l\u2019intero importo del test verrebbe restituito al CLIENTE. Se dopo la sessione di consulenza genetica, il consulente genetico stabilisce che il CLIENTE deve effettuare un test genetico di valore inferiore al valore acquisito, VERITAS INTERCONTINENTAL restituir\u00e0 la differenza al CLIENTE.<\/p>\r\n<h2><strong>V. POLITICA DI SPEDIZIONE E RESI<\/strong><\/h2>\r\n<p>Il tempo di spedizione del kit di raccolta del campione \u00e8 di 1-3 giorni per la Spagna e per il resto dell\u2019Europa di un massimo di 5 giorni.<\/p>\r\n<p>In relazione ai resi, questi possono essere effettuati solo se il kit di raccolta del campione non \u00e8 stato aperto, ovvero il sigillo di sicurezza (plastica trasparente o adesivo \u2013 a seconda del kit) non \u00e8 stato rimosso o il kit non \u00e8 stato manipolato In caso di reso, IL CLIENTE sar\u00e0 responsabile per il costo della raccolta del kit.<\/p>\r\n<h2><strong>VI. PROPRIET\u00c0 INTELLETTUALE E INDUSTRIALE<\/strong><\/h2>\r\n<p>Questo sito web \u00e8 di propriet\u00e0 di VERITAS INTERCONTINENTAL. I diritti di propriet\u00e0 intellettuale ei diritti di sfruttamento e riproduzione di questo sito web, le sue pagine, schermate, le informazioni che contengono, il loro aspetto e il design, cos\u00ec come i collegamenti (collegamenti ipertestuali) che si stabiliscono da esso verso altre pagine web sono di propriet\u00e0 esclusiva di VERITAS INTERCONTINENTAL, se non diversamente specificato. Tutte le denominazioni, i disegni e\/o i loghi che compongono questa pagina sono marchi debitamente registrati. Qualsiasi abuso della stessa da parte di una persona diversa dal suo legittimo proprietario pu\u00f2 essere perseguito in conformit\u00e0 con la legislazione vigente. Diritti di propriet\u00e0 intellettuale e dei marchi di terzi sono opportunamente evidenziati e devono essere rispettati da chiunque acceda a questo sito web. Solo per uso personale e privato \u00e8 consentito scaricare i contenuti, copiare o stampare qualsiasi pagina di questo sito. Riprodurre, trasmettere, modificare o eliminare le informazioni, contenuti o avvertenze da questa web senza la previa espressa autorizzazione scritta di VERITAS INTERCONTINENTAL \u00e8 vietata.<\/p>\r\n<h2><strong>VII. LEGISLAZIONE APPLICABILE<\/strong><\/h2>\r\n<p>Le presenti Condizioni Generali di Contratto saranno regolate dalla legislazione spagnola e\/o europea.<\/p>\t\t\t\t\t\t<\/div>\n\t\t\t\t<\/div>\n\t\t\t\t\t<\/div>\n\t\t<\/div>\n\t\t\t\t\t<\/div>\n\t\t<\/section>\n\t\t\t\t<\/div>\n\t\t","protected":false},"excerpt":{"rendered":"<p>Condizioni generali di contratto I. DATI DI IDENTIFICAZIONE VERITAS INTERCONTINENTAL, S.L. con sede legale a Madrid, PCalle Orense 58, 2\u00ba C-D, 28020 e Partita IVA B-88132907 mette a disposizione di tutti gli utenti Internet la possibilit\u00e0 di acquistare i prodotti e contrarre i servizi offerti attraverso questo sito Web, l\u2019uso dei quali \u00e8 soggetto a [&hellip;]<\/p>\n","protected":false},"author":1,"featured_media":0,"parent":0,"menu_order":0,"comment_status":"closed","ping_status":"closed","template":"","meta":{"_acf_changed":false,"inline_featured_image":false,"footnotes":""},"class_list":["post-6277","page","type-page","status-publish","hentry"],"acf":[],"yoast_head":"<!-- This site is optimized with the Yoast SEO plugin v23.8 - https:\/\/yoast.com\/wordpress\/plugins\/seo\/ -->\n<title>Termini di utilizzo - DxServices by Veritas<\/title>\n<meta name=\"robots\" content=\"index, follow, max-snippet:-1, max-image-preview:large, max-video-preview:-1\" \/>\n<link rel=\"canonical\" href=\"https:\/\/dxgeneticservices.com\/terms-of-use\/\" \/>\n<meta property=\"og:locale\" content=\"it_IT\" \/>\n<meta property=\"og:type\" content=\"article\" \/>\n<meta property=\"og:title\" content=\"Termini di utilizzo - DxServices by Veritas\" \/>\n<meta property=\"og:description\" content=\"Condizioni generali di contratto I. DATI DI IDENTIFICAZIONE VERITAS INTERCONTINENTAL, S.L. con sede legale a Madrid, PCalle Orense 58, 2\u00ba C-D, 28020 e Partita IVA B-88132907 mette a disposizione di tutti gli utenti Internet la possibilit\u00e0 di acquistare i prodotti e contrarre i servizi offerti attraverso questo sito Web, l\u2019uso dei quali \u00e8 soggetto a [&hellip;]\" \/>\n<meta property=\"og:url\" content=\"https:\/\/dxgeneticservices.com\/terms-of-use\/\" \/>\n<meta property=\"og:site_name\" content=\"DxServices by Veritas\" \/>\n<meta property=\"article:modified_time\" content=\"2024-11-15T09:58:14+00:00\" \/>\n<meta name=\"twitter:card\" content=\"summary_large_image\" \/>\n<meta name=\"twitter:label1\" content=\"Tempo di lettura stimato\" \/>\n\t<meta name=\"twitter:data1\" content=\"5 minuti\" \/>\n<script type=\"application\/ld+json\" class=\"yoast-schema-graph\">{\"@context\":\"https:\/\/schema.org\",\"@graph\":[{\"@type\":\"WebPage\",\"@id\":\"https:\/\/dxgeneticservices.com\/terms-of-use\/\",\"url\":\"https:\/\/dxgeneticservices.com\/terms-of-use\/\",\"name\":\"Termini di utilizzo - DxServices by Veritas\",\"isPartOf\":{\"@id\":\"https:\/\/dxgeneticservices.com\/#website\"},\"datePublished\":\"2023-07-05T13:09:03+00:00\",\"dateModified\":\"2024-11-15T09:58:14+00:00\",\"breadcrumb\":{\"@id\":\"https:\/\/dxgeneticservices.com\/terms-of-use\/#breadcrumb\"},\"inLanguage\":\"it-IT\",\"potentialAction\":[{\"@type\":\"ReadAction\",\"target\":[\"https:\/\/dxgeneticservices.com\/terms-of-use\/\"]}]},{\"@type\":\"BreadcrumbList\",\"@id\":\"https:\/\/dxgeneticservices.com\/terms-of-use\/#breadcrumb\",\"itemListElement\":[{\"@type\":\"ListItem\",\"position\":1,\"name\":\"Home\",\"item\":\"https:\/\/dxgeneticservices.com\/\"},{\"@type\":\"ListItem\",\"position\":2,\"name\":\"Termini di utilizzo\"}]},{\"@type\":\"WebSite\",\"@id\":\"https:\/\/dxgeneticservices.com\/#website\",\"url\":\"https:\/\/dxgeneticservices.com\/\",\"name\":\"DxServices by Veritas\",\"description\":\"\",\"publisher\":{\"@id\":\"https:\/\/dxgeneticservices.com\/#organization\"},\"potentialAction\":[{\"@type\":\"SearchAction\",\"target\":{\"@type\":\"EntryPoint\",\"urlTemplate\":\"https:\/\/dxgeneticservices.com\/?s={search_term_string}\"},\"query-input\":{\"@type\":\"PropertyValueSpecification\",\"valueRequired\":true,\"valueName\":\"search_term_string\"}}],\"inLanguage\":\"it-IT\"},{\"@type\":\"Organization\",\"@id\":\"https:\/\/dxgeneticservices.com\/#organization\",\"name\":\"DxServices by Veritas\",\"url\":\"https:\/\/dxgeneticservices.com\/\",\"logo\":{\"@type\":\"ImageObject\",\"inLanguage\":\"it-IT\",\"@id\":\"https:\/\/dxgeneticservices.com\/#\/schema\/logo\/image\/\",\"url\":\"https:\/\/dxgeneticservices.com\/wp-content\/uploads\/2023\/07\/DxServices-logo_blue.png\",\"contentUrl\":\"https:\/\/dxgeneticservices.com\/wp-content\/uploads\/2023\/07\/DxServices-logo_blue.png\",\"width\":1092,\"height\":323,\"caption\":\"DxServices by Veritas\"},\"image\":{\"@id\":\"https:\/\/dxgeneticservices.com\/#\/schema\/logo\/image\/\"}}]}<\/script>\n<!-- \/ Yoast SEO plugin. -->","yoast_head_json":{"title":"Termini di utilizzo - DxServices by Veritas","robots":{"index":"index","follow":"follow","max-snippet":"max-snippet:-1","max-image-preview":"max-image-preview:large","max-video-preview":"max-video-preview:-1"},"canonical":"https:\/\/dxgeneticservices.com\/terms-of-use\/","og_locale":"it_IT","og_type":"article","og_title":"Termini di utilizzo - DxServices by Veritas","og_description":"Condizioni generali di contratto I. DATI DI IDENTIFICAZIONE VERITAS INTERCONTINENTAL, S.L. con sede legale a Madrid, PCalle Orense 58, 2\u00ba C-D, 28020 e Partita IVA B-88132907 mette a disposizione di tutti gli utenti Internet la possibilit\u00e0 di acquistare i prodotti e contrarre i servizi offerti attraverso questo sito Web, l\u2019uso dei quali \u00e8 soggetto a [&hellip;]","og_url":"https:\/\/dxgeneticservices.com\/terms-of-use\/","og_site_name":"DxServices by Veritas","article_modified_time":"2024-11-15T09:58:14+00:00","twitter_card":"summary_large_image","twitter_misc":{"Tempo di lettura stimato":"5 minuti"},"schema":{"@context":"https:\/\/schema.org","@graph":[{"@type":"WebPage","@id":"https:\/\/dxgeneticservices.com\/terms-of-use\/","url":"https:\/\/dxgeneticservices.com\/terms-of-use\/","name":"Termini di utilizzo - DxServices by Veritas","isPartOf":{"@id":"https:\/\/dxgeneticservices.com\/#website"},"datePublished":"2023-07-05T13:09:03+00:00","dateModified":"2024-11-15T09:58:14+00:00","breadcrumb":{"@id":"https:\/\/dxgeneticservices.com\/terms-of-use\/#breadcrumb"},"inLanguage":"it-IT","potentialAction":[{"@type":"ReadAction","target":["https:\/\/dxgeneticservices.com\/terms-of-use\/"]}]},{"@type":"BreadcrumbList","@id":"https:\/\/dxgeneticservices.com\/terms-of-use\/#breadcrumb","itemListElement":[{"@type":"ListItem","position":1,"name":"Home","item":"https:\/\/dxgeneticservices.com\/"},{"@type":"ListItem","position":2,"name":"Termini di utilizzo"}]},{"@type":"WebSite","@id":"https:\/\/dxgeneticservices.com\/#website","url":"https:\/\/dxgeneticservices.com\/","name":"DxServices by Veritas","description":"","publisher":{"@id":"https:\/\/dxgeneticservices.com\/#organization"},"potentialAction":[{"@type":"SearchAction","target":{"@type":"EntryPoint","urlTemplate":"https:\/\/dxgeneticservices.com\/?s={search_term_string}"},"query-input":{"@type":"PropertyValueSpecification","valueRequired":true,"valueName":"search_term_string"}}],"inLanguage":"it-IT"},{"@type":"Organization","@id":"https:\/\/dxgeneticservices.com\/#organization","name":"DxServices by Veritas","url":"https:\/\/dxgeneticservices.com\/","logo":{"@type":"ImageObject","inLanguage":"it-IT","@id":"https:\/\/dxgeneticservices.com\/#\/schema\/logo\/image\/","url":"https:\/\/dxgeneticservices.com\/wp-content\/uploads\/2023\/07\/DxServices-logo_blue.png","contentUrl":"https:\/\/dxgeneticservices.com\/wp-content\/uploads\/2023\/07\/DxServices-logo_blue.png","width":1092,"height":323,"caption":"DxServices by Veritas"},"image":{"@id":"https:\/\/dxgeneticservices.com\/#\/schema\/logo\/image\/"}}]}},"_links":{"self":[{"href":"https:\/\/dxgeneticservices.com\/it\/wp-json\/wp\/v2\/pages\/6277"}],"collection":[{"href":"https:\/\/dxgeneticservices.com\/it\/wp-json\/wp\/v2\/pages"}],"about":[{"href":"https:\/\/dxgeneticservices.com\/it\/wp-json\/wp\/v2\/types\/page"}],"author":[{"embeddable":true,"href":"https:\/\/dxgeneticservices.com\/it\/wp-json\/wp\/v2\/users\/1"}],"replies":[{"embeddable":true,"href":"https:\/\/dxgeneticservices.com\/it\/wp-json\/wp\/v2\/comments?post=6277"}],"version-history":[{"count":1,"href":"https:\/\/dxgeneticservices.com\/it\/wp-json\/wp\/v2\/pages\/6277\/revisions"}],"predecessor-version":[{"id":6278,"href":"https:\/\/dxgeneticservices.com\/it\/wp-json\/wp\/v2\/pages\/6277\/revisions\/6278"}],"wp:attachment":[{"href":"https:\/\/dxgeneticservices.com\/it\/wp-json\/wp\/v2\/media?parent=6277"}],"curies":[{"name":"wp","href":"https:\/\/api.w.org\/{rel}","templated":true}]}}