{"id":6283,"date":"2023-08-22T13:30:37","date_gmt":"2023-08-22T11:30:37","guid":{"rendered":"https:\/\/dxgeneticservices.com\/accessibilita\/"},"modified":"2024-11-15T11:12:19","modified_gmt":"2024-11-15T10:12:19","slug":"accessibilita","status":"publish","type":"page","link":"https:\/\/dxgeneticservices.com\/it\/accessibilita\/","title":{"rendered":"Accessibilit\u00e0"},"content":{"rendered":"\t\t<div data-elementor-type=\"wp-page\" data-elementor-id=\"6283\" class=\"elementor elementor-6283 elementor-4302\" data-elementor-post-type=\"page\">\n\t\t\t\t\t\t<section class=\"elementor-section elementor-top-section elementor-element elementor-element-6f0f6d9f elementor-section-boxed elementor-section-height-default elementor-section-height-default\" data-id=\"6f0f6d9f\" data-element_type=\"section\">\n\t\t\t\t\t\t<div class=\"elementor-container elementor-column-gap-default\">\n\t\t\t\t\t<div class=\"elementor-column elementor-col-100 elementor-top-column elementor-element elementor-element-3467bf18\" data-id=\"3467bf18\" data-element_type=\"column\">\n\t\t\t<div class=\"elementor-widget-wrap elementor-element-populated\">\n\t\t\t\t\t\t<div class=\"elementor-element elementor-element-47e3ce9e elementor-widget elementor-widget-heading\" data-id=\"47e3ce9e\" data-element_type=\"widget\" data-widget_type=\"heading.default\">\n\t\t\t\t<div class=\"elementor-widget-container\">\n\t\t\t<h1 class=\"elementor-heading-title elementor-size-default\"><strong>Accessibilit\u00e0<\/strong><\/h1>\t\t<\/div>\n\t\t\t\t<\/div>\n\t\t\t\t<div class=\"elementor-element elementor-element-2a56dfb elementor-widget elementor-widget-text-editor\" data-id=\"2a56dfb\" data-element_type=\"widget\" data-widget_type=\"text-editor.default\">\n\t\t\t\t<div class=\"elementor-widget-container\">\n\t\t\t\t\t\t\tNoi di Veritas Intercontinental SL vogliamo rendere il nostro sito web dxgeneticservices.com il pi\u00f9 accessibile possibile in conformit\u00e0 con il Regio Decreto 1112\/2018, del 7 settembre, sull&#8217;accessibilit\u00e0 dei siti web e delle applicazioni per dispositivi mobili nel settore pubblico, anche quando la nostra entit\u00e0 non \u00e8 tenuta a soddisfare questi requisiti perch\u00e9 \u00e8 una societ\u00e0 privata. La ragione fondamentale \u00e8 che la nostra azienda da sempre garantisce uguaglianza e non discriminazione nell&#8217;accesso al portale web per tutte le persone che ci contattano, in particolare quelle con disabilit\u00e0 o con difficolt\u00e0 nell&#8217;uso delle tecnologie digitali. . Per questo motivo il nostro sito web \u00e8 stato progettato nel rispetto dei requisiti minimi richiesti dalla normativa, ma abbiamo anche attuato un processo di manutenzione e aggiornamento continuo che tenga conto delle esigenze di tutti gli utenti, ricercando sempre che i nostri contenuti siano percepibili, fruibili , comprensibile e robusto.\r\n<h2><strong>Aspetti tecnici e certificazioni<\/strong><\/h2>\r\nIl nostro sito web \u00e8 ottimizzato per i browser Microsoft Internet Explorer 8.0 o versioni successive, nonch\u00e9 per le ultime versioni di Firefox, Safari, Opera e Google Chrome. La risoluzione web minima consigliata \u00e8 1280\u00d71024 sui computer desktop. Inoltre, \u00e8 possibile accedervi da qualsiasi tablet e dispositivo mobile, essendo ottimizzato per la visualizzazione nelle ultime versioni attuali di Chrome per dispositivi mobili, Firefox per dispositivi mobili, Safari mobile, Opera Mini e il browser Android nativo. Abbiamo cercato di rendere disponibili i nostri contenuti in vari formati (pdf, xls), per garantire la compatibilit\u00e0 quando possibile, e controllato che non siano presenti collegamenti ipertestuali a pagine o contenuti offline. Questo sito web non \u00e8 ancora conforme al RD 1112\/2018 o UNE, ma stiamo lavorando per raggiungere i livelli che ci consentono di ottenere una certificazione AA o AAA, per lo standard UNE 139803 e, quindi, le linee guida di accessibilit\u00e0 del WAI ( Iniziativa per l&#8217;accessibilit\u00e0 del Web). La presente dichiarazione \u00e8 stata preparata il 22 febbraio 2023. Il metodo utilizzato per preparare la dichiarazione \u00e8 stato un autovalutazione interna effettuata dal proprio personale. Ultima revisione della dichiarazione: 22 agosto 2023.\r\n<h2><strong>Comunicazioni, reclami e reclami<\/strong><\/h2>\r\n\u00c8 possibile effettuare comunicazioni sui requisiti di accessibilit\u00e0 (articolo 10.2.a del Regio Decreto 1112\/2018, del 7 settembre) come: Segnalare qualsiasi possibile violazione da parte di questo sito web. Comunicare altre difficolt\u00e0 di accesso ai contenuti. Formulare qualsiasi altra domanda o suggerimento per il miglioramento relativo all&#8217;accessibilit\u00e0 del sito web. Attraverso il nostro sito web utilizzando il modulo da cui \u00e8 possibile accedere <a href=\"https:\/\/dxgeneticservices.com\/it\/contatto\/\">Qui<\/a>.\t\t\t\t\t\t<\/div>\n\t\t\t\t<\/div>\n\t\t\t\t\t<\/div>\n\t\t<\/div>\n\t\t\t\t\t<\/div>\n\t\t<\/section>\n\t\t\t\t<\/div>\n\t\t","protected":false},"excerpt":{"rendered":"<p>Accessibilit\u00e0 Noi di Veritas Intercontinental SL vogliamo rendere il nostro sito web dxgeneticservices.com il pi\u00f9 accessibile possibile in conformit\u00e0 con il Regio Decreto 1112\/2018, del 7 settembre, sull&#8217;accessibilit\u00e0 dei siti web e delle applicazioni per dispositivi mobili nel settore pubblico, anche quando la nostra entit\u00e0 non \u00e8 tenuta a soddisfare questi requisiti perch\u00e9 \u00e8 una [&hellip;]<\/p>\n","protected":false},"author":1,"featured_media":0,"parent":0,"menu_order":0,"comment_status":"closed","ping_status":"closed","template":"","meta":{"_acf_changed":false,"inline_featured_image":false,"footnotes":""},"class_list":["post-6283","page","type-page","status-publish","hentry"],"acf":[],"yoast_head":"<!-- This site is optimized with the Yoast SEO plugin v23.8 - https:\/\/yoast.com\/wordpress\/plugins\/seo\/ -->\n<title>Accessibilit\u00e0 - DxServices by Veritas<\/title>\n<meta name=\"robots\" content=\"index, follow, max-snippet:-1, max-image-preview:large, max-video-preview:-1\" \/>\n<link rel=\"canonical\" href=\"https:\/\/dxgeneticservices.com\/accessibility\/\" \/>\n<meta property=\"og:locale\" content=\"it_IT\" \/>\n<meta property=\"og:type\" content=\"article\" \/>\n<meta property=\"og:title\" content=\"Accessibilit\u00e0 - DxServices by Veritas\" \/>\n<meta property=\"og:description\" content=\"Accessibilit\u00e0 Noi di Veritas Intercontinental SL vogliamo rendere il nostro sito web dxgeneticservices.com il pi\u00f9 accessibile possibile in conformit\u00e0 con il Regio Decreto 1112\/2018, del 7 settembre, sull&#8217;accessibilit\u00e0 dei siti web e delle applicazioni per dispositivi mobili nel settore pubblico, anche quando la nostra entit\u00e0 non \u00e8 tenuta a soddisfare questi requisiti perch\u00e9 \u00e8 una [&hellip;]\" \/>\n<meta property=\"og:url\" content=\"https:\/\/dxgeneticservices.com\/accessibility\/\" \/>\n<meta property=\"og:site_name\" content=\"DxServices by Veritas\" \/>\n<meta property=\"article:modified_time\" content=\"2024-11-15T10:12:19+00:00\" \/>\n<meta name=\"twitter:card\" content=\"summary_large_image\" \/>\n<meta name=\"twitter:label1\" content=\"Tempo di lettura stimato\" \/>\n\t<meta name=\"twitter:data1\" content=\"2 minuti\" \/>\n<script type=\"application\/ld+json\" class=\"yoast-schema-graph\">{\"@context\":\"https:\/\/schema.org\",\"@graph\":[{\"@type\":\"WebPage\",\"@id\":\"https:\/\/dxgeneticservices.com\/accessibility\/\",\"url\":\"https:\/\/dxgeneticservices.com\/accessibility\/\",\"name\":\"Accessibilit\u00e0 - DxServices by Veritas\",\"isPartOf\":{\"@id\":\"https:\/\/dxgeneticservices.com\/#website\"},\"datePublished\":\"2023-08-22T11:30:37+00:00\",\"dateModified\":\"2024-11-15T10:12:19+00:00\",\"breadcrumb\":{\"@id\":\"https:\/\/dxgeneticservices.com\/accessibility\/#breadcrumb\"},\"inLanguage\":\"it-IT\",\"potentialAction\":[{\"@type\":\"ReadAction\",\"target\":[\"https:\/\/dxgeneticservices.com\/accessibility\/\"]}]},{\"@type\":\"BreadcrumbList\",\"@id\":\"https:\/\/dxgeneticservices.com\/accessibility\/#breadcrumb\",\"itemListElement\":[{\"@type\":\"ListItem\",\"position\":1,\"name\":\"Home\",\"item\":\"https:\/\/dxgeneticservices.com\/\"},{\"@type\":\"ListItem\",\"position\":2,\"name\":\"Accessibilit\u00e0\"}]},{\"@type\":\"WebSite\",\"@id\":\"https:\/\/dxgeneticservices.com\/#website\",\"url\":\"https:\/\/dxgeneticservices.com\/\",\"name\":\"DxServices by Veritas\",\"description\":\"\",\"publisher\":{\"@id\":\"https:\/\/dxgeneticservices.com\/#organization\"},\"potentialAction\":[{\"@type\":\"SearchAction\",\"target\":{\"@type\":\"EntryPoint\",\"urlTemplate\":\"https:\/\/dxgeneticservices.com\/?s={search_term_string}\"},\"query-input\":{\"@type\":\"PropertyValueSpecification\",\"valueRequired\":true,\"valueName\":\"search_term_string\"}}],\"inLanguage\":\"it-IT\"},{\"@type\":\"Organization\",\"@id\":\"https:\/\/dxgeneticservices.com\/#organization\",\"name\":\"DxServices by Veritas\",\"url\":\"https:\/\/dxgeneticservices.com\/\",\"logo\":{\"@type\":\"ImageObject\",\"inLanguage\":\"it-IT\",\"@id\":\"https:\/\/dxgeneticservices.com\/#\/schema\/logo\/image\/\",\"url\":\"https:\/\/dxgeneticservices.com\/wp-content\/uploads\/2023\/07\/DxServices-logo_blue.png\",\"contentUrl\":\"https:\/\/dxgeneticservices.com\/wp-content\/uploads\/2023\/07\/DxServices-logo_blue.png\",\"width\":1092,\"height\":323,\"caption\":\"DxServices by Veritas\"},\"image\":{\"@id\":\"https:\/\/dxgeneticservices.com\/#\/schema\/logo\/image\/\"}}]}<\/script>\n<!-- \/ Yoast SEO plugin. -->","yoast_head_json":{"title":"Accessibilit\u00e0 - DxServices by Veritas","robots":{"index":"index","follow":"follow","max-snippet":"max-snippet:-1","max-image-preview":"max-image-preview:large","max-video-preview":"max-video-preview:-1"},"canonical":"https:\/\/dxgeneticservices.com\/accessibility\/","og_locale":"it_IT","og_type":"article","og_title":"Accessibilit\u00e0 - DxServices by Veritas","og_description":"Accessibilit\u00e0 Noi di Veritas Intercontinental SL vogliamo rendere il nostro sito web dxgeneticservices.com il pi\u00f9 accessibile possibile in conformit\u00e0 con il Regio Decreto 1112\/2018, del 7 settembre, sull&#8217;accessibilit\u00e0 dei siti web e delle applicazioni per dispositivi mobili nel settore pubblico, anche quando la nostra entit\u00e0 non \u00e8 tenuta a soddisfare questi requisiti perch\u00e9 \u00e8 una [&hellip;]","og_url":"https:\/\/dxgeneticservices.com\/accessibility\/","og_site_name":"DxServices by Veritas","article_modified_time":"2024-11-15T10:12:19+00:00","twitter_card":"summary_large_image","twitter_misc":{"Tempo di lettura stimato":"2 minuti"},"schema":{"@context":"https:\/\/schema.org","@graph":[{"@type":"WebPage","@id":"https:\/\/dxgeneticservices.com\/accessibility\/","url":"https:\/\/dxgeneticservices.com\/accessibility\/","name":"Accessibilit\u00e0 - DxServices by Veritas","isPartOf":{"@id":"https:\/\/dxgeneticservices.com\/#website"},"datePublished":"2023-08-22T11:30:37+00:00","dateModified":"2024-11-15T10:12:19+00:00","breadcrumb":{"@id":"https:\/\/dxgeneticservices.com\/accessibility\/#breadcrumb"},"inLanguage":"it-IT","potentialAction":[{"@type":"ReadAction","target":["https:\/\/dxgeneticservices.com\/accessibility\/"]}]},{"@type":"BreadcrumbList","@id":"https:\/\/dxgeneticservices.com\/accessibility\/#breadcrumb","itemListElement":[{"@type":"ListItem","position":1,"name":"Home","item":"https:\/\/dxgeneticservices.com\/"},{"@type":"ListItem","position":2,"name":"Accessibilit\u00e0"}]},{"@type":"WebSite","@id":"https:\/\/dxgeneticservices.com\/#website","url":"https:\/\/dxgeneticservices.com\/","name":"DxServices by Veritas","description":"","publisher":{"@id":"https:\/\/dxgeneticservices.com\/#organization"},"potentialAction":[{"@type":"SearchAction","target":{"@type":"EntryPoint","urlTemplate":"https:\/\/dxgeneticservices.com\/?s={search_term_string}"},"query-input":{"@type":"PropertyValueSpecification","valueRequired":true,"valueName":"search_term_string"}}],"inLanguage":"it-IT"},{"@type":"Organization","@id":"https:\/\/dxgeneticservices.com\/#organization","name":"DxServices by Veritas","url":"https:\/\/dxgeneticservices.com\/","logo":{"@type":"ImageObject","inLanguage":"it-IT","@id":"https:\/\/dxgeneticservices.com\/#\/schema\/logo\/image\/","url":"https:\/\/dxgeneticservices.com\/wp-content\/uploads\/2023\/07\/DxServices-logo_blue.png","contentUrl":"https:\/\/dxgeneticservices.com\/wp-content\/uploads\/2023\/07\/DxServices-logo_blue.png","width":1092,"height":323,"caption":"DxServices by Veritas"},"image":{"@id":"https:\/\/dxgeneticservices.com\/#\/schema\/logo\/image\/"}}]}},"_links":{"self":[{"href":"https:\/\/dxgeneticservices.com\/it\/wp-json\/wp\/v2\/pages\/6283"}],"collection":[{"href":"https:\/\/dxgeneticservices.com\/it\/wp-json\/wp\/v2\/pages"}],"about":[{"href":"https:\/\/dxgeneticservices.com\/it\/wp-json\/wp\/v2\/types\/page"}],"author":[{"embeddable":true,"href":"https:\/\/dxgeneticservices.com\/it\/wp-json\/wp\/v2\/users\/1"}],"replies":[{"embeddable":true,"href":"https:\/\/dxgeneticservices.com\/it\/wp-json\/wp\/v2\/comments?post=6283"}],"version-history":[{"count":1,"href":"https:\/\/dxgeneticservices.com\/it\/wp-json\/wp\/v2\/pages\/6283\/revisions"}],"predecessor-version":[{"id":6284,"href":"https:\/\/dxgeneticservices.com\/it\/wp-json\/wp\/v2\/pages\/6283\/revisions\/6284"}],"wp:attachment":[{"href":"https:\/\/dxgeneticservices.com\/it\/wp-json\/wp\/v2\/media?parent=6283"}],"curies":[{"name":"wp","href":"https:\/\/api.w.org\/{rel}","templated":true}]}}