{"id":6273,"date":"2023-07-05T15:08:55","date_gmt":"2023-07-05T13:08:55","guid":{"rendered":"https:\/\/dxgeneticservices.com\/politica-de-cookies\/"},"modified":"2024-11-15T10:46:11","modified_gmt":"2024-11-15T09:46:11","slug":"politica-de-cookies","status":"publish","type":"page","link":"https:\/\/dxgeneticservices.com\/pt-br\/politica-de-cookies\/","title":{"rendered":"Pol\u00edtica de Cookies"},"content":{"rendered":"\t\t<div data-elementor-type=\"wp-page\" data-elementor-id=\"6273\" class=\"elementor elementor-6273 elementor-22\" data-elementor-post-type=\"page\">\n\t\t\t\t\t\t<section class=\"elementor-section elementor-top-section elementor-element elementor-element-2efe2a73 elementor-section-boxed elementor-section-height-default elementor-section-height-default\" data-id=\"2efe2a73\" data-element_type=\"section\">\n\t\t\t\t\t\t<div class=\"elementor-container elementor-column-gap-default\">\n\t\t\t\t\t<div class=\"elementor-column elementor-col-100 elementor-top-column elementor-element elementor-element-25cb8bb3\" data-id=\"25cb8bb3\" data-element_type=\"column\">\n\t\t\t<div class=\"elementor-widget-wrap elementor-element-populated\">\n\t\t\t\t\t\t<div class=\"elementor-element elementor-element-15ebb7f5 elementor-widget elementor-widget-heading\" data-id=\"15ebb7f5\" data-element_type=\"widget\" data-widget_type=\"heading.default\">\n\t\t\t\t<div class=\"elementor-widget-container\">\n\t\t\t<h1 class=\"elementor-heading-title elementor-size-default\"><strong>Pol\u00edtica de Cookies<\/strong><\/h1>\t\t<\/div>\n\t\t\t\t<\/div>\n\t\t\t\t<div class=\"elementor-element elementor-element-47c035c elementor-widget elementor-widget-text-editor\" data-id=\"47c035c\" data-element_type=\"widget\" data-widget_type=\"text-editor.default\">\n\t\t\t\t<div class=\"elementor-widget-container\">\n\t\t\t\t\t\t\t<h2><strong>Quem somos?<\/strong><\/h2>\r\n<p>Veritas Intercontinental (\u201c<strong>Veritas<\/strong>\u201d, \u201c<strong>n\u00f3s<\/strong>\u201c,\u201c<strong>n\u00f3s<\/strong>\u201c,\u201c<strong>nosso<\/strong>\u201c) est\u00e1 empenhada em proteger e respeitar a sua privacidade como prestador de servi\u00e7os e controlador das suas informa\u00e7\u00f5es. Esta pol\u00edtica explica como usamos cookies e tecnologias relacionadas (coletivamente chamadas de \u201cCookies\u201d) para fornecer nossos servi\u00e7os a voc\u00ea atrav\u00e9s do nosso site. <a href=\"https:\/\/www.veritasint.com\" target=\"_blank\">www.veritasint.com<\/a> (o &#8220;Site&#8221; ou &#8220;Site\u201d). A Veritas Intercontinental SL tem seu endere\u00e7o registrado em Madrid, Calle Orense 58, 2\u00baC-D, 28020 e NIF B-88132907, com n\u00famero de telefone +34 915 623 675. Para residentes brasileiros, a Veritas Brasil Analises Laboratoriais EIRELI tem seu endere\u00e7o registrado na Alameda dos Nhambiquaras, 1770, ANDAR 5 SALA 508, S\u00e3o Paulo, Brasil CEP 04090-004, com CNPJ 32.948.264\/0001-68 e telefone +55 11 94318 6446. Para residentes colombianos, a Veritas Genetics Colombia SA tem seu endere\u00e7o registrado em Carrera 16 # 82-95 Unidad Medica el Country, Of. 901, Bogot\u00e1, Col\u00f4mbia com n\u00famero NIT 9012454114 e telefone +57 1 2220786.<\/p>\r\n<h2><strong>O que s\u00e3o cookies e como s\u00e3o utilizados no nosso Site?<\/strong><\/h2>\r\n<p>Um cookie \u00e9 um pequeno peda\u00e7o de dados que um site \u2013 quando visitado por um usu\u00e1rio \u2013 solicita que seu navegador armazene em seu dispositivo para lembrar prefer\u00eancias e outras informa\u00e7\u00f5es, por exemplo, visitas anteriores a sites ou p\u00e1ginas desse dispositivo e navegador, nome de usu\u00e1rio ou solicita\u00e7\u00f5es de login ou outros comportamentos online. Usamos cookies padr\u00e3o da ind\u00fastria e outras tecnologias de rastreamento (como o Google Analytics) para rastrear seu comportamento on-line, ajud\u00e1-lo na navega\u00e7\u00e3o e no uso da funcionalidade pretendida do site (por exemplo, reter itens em um carrinho de compras), para fins anal\u00edticos de coleta &#8211; e permitir sua capacidade fornecer \u2013 feedback para melhorar nossos produtos e servi\u00e7os ou para fornecer marketing, por exemplo, se voc\u00ea visitar outros sites dentro de nossa rede de prestadores de servi\u00e7os de marketing. Os cookies colocados em seu navegador podem durar sua sess\u00e3o on-line em nosso site ou por um per\u00edodo de tempo definido mais longo, inclusive persistirem em seu navegador indefinidamente ou at\u00e9 serem apagados. Para remover cookies, consulte a se\u00e7\u00e3o \u201cComo ativar ou desativar cookies\u201d abaixo. Al\u00e9m disso, mais informa\u00e7\u00f5es sobre Cookies e detalhes sobre como gerenci\u00e1-los ou desativ\u00e1-los podem ser encontradas em <a href=\"https:\/\/www.aboutcookies.org\" target=\"_blank\">www.aboutcookies.org<\/a>\/ e voc\u00ea tamb\u00e9m pode obter mais informa\u00e7\u00f5es sobre cookies em:  <a href=\"https:\/\/www.allaboutcookies.org\/es\" target=\"_blank\">www.allaboutcookies.org\/es<\/a> e  <a href=\"https:\/\/www.youronlinechoices.com\/es\" target=\"_blank\">www.youronlinechoices.com\/es<\/a>. Os cookies definidos por n\u00f3s em nosso Site s\u00e3o chamados de cookies \u201cprim\u00e1rios\u201d, usados \u200b\u200bpara ajudar a avaliar e permitir o desempenho e a funcionalidade de nossos produtos e servi\u00e7os, incluindo nosso Site. Tamb\u00e9m utilizamos cookies de \u201cterceiros\u201d, que s\u00e3o cookies de um dom\u00ednio de site diferente dos nossos Sites. Eles s\u00e3o usados \u200b\u200bpara an\u00e1lises do site, funcionalidade do site e esfor\u00e7os de marketing, compartilhando dados de uso e relacionados ao dispositivo com terceiros relevantes.<\/p>\r\n<h2><strong>Como ativar ou desativar cookies<\/strong><\/h2>\r\n<p>Na primeira vez que voc\u00ea visita nosso Site e dependendo de sua localiza\u00e7\u00e3o, poder\u00e1 ser exibido um banner de cookies que fornece informa\u00e7\u00f5es sobre o uso de cookies em nosso Site e op\u00e7\u00f5es sobre como ativar ou desativar determinados cookies quando voc\u00ea visita. Esta aceita\u00e7\u00e3o ou desativa\u00e7\u00e3o pode ser feita atrav\u00e9s do nosso centro de prefer\u00eancias de cookies, que \u00e9 acessado atrav\u00e9s do banner de cookies que lhe \u00e9 apresentado. Por exemplo, voc\u00ea pode ativar ou desativar determinadas categorias de cookies n\u00e3o essenciais (por exemplo, \u201cCookies de direcionamento\u201d, conforme descrito abaixo), ativando ou desativando o bot\u00e3o para eles no centro de consentimento de cookies. Voc\u00ea tamb\u00e9m pode cancelar o uso de cookies e identificadores de dispositivos por terceiros, em alguns casos, diretamente com o terceiro relevante (veja links para sites de nossos provedores de servi\u00e7os de marketing terceirizados abaixo). Como alternativa, voc\u00ea pode cancelar o uso de cookies por um provedor de servi\u00e7os terceirizado visitando a p\u00e1gina de desativa\u00e7\u00e3o da Network Advertising Initiative ou controlar o uso de identificadores de dispositivo usando as configura\u00e7\u00f5es espec\u00edficas do seu dispositivo e\/ou navegador da web para bloquear ou limpar determinados cookies, no entanto, observe que se voc\u00ea bloquear determinados cookies, algumas partes do nosso site poder\u00e3o n\u00e3o funcionar corretamente. Voc\u00ea pode alterar as configura\u00e7\u00f5es do seu navegador para que seu computador o avise sempre que um cookie for enviado ou para desativar todos os cookies. Cada navegador \u00e9 um pouco diferente, portanto, consulte o \u201cmenu de ajuda\u201d do seu navegador para saber a maneira correta de modificar seus Cookies. No entanto, se desativar os Cookies, n\u00e3o ter\u00e1 acesso a muitas funcionalidades que podem tornar a sua navega\u00e7\u00e3o no nosso Site e a utiliza\u00e7\u00e3o dos nossos servi\u00e7os mais f\u00e1cil, e alguns dos nossos servi\u00e7os podem n\u00e3o funcionar corretamente ou de todo. Por exemplo, se desativar os Cookies n\u00e3o conseguir\u00e1 iniciar sess\u00e3o na sua conta de utilizador.<\/p>\r\n<h2><strong>Que tipos de cookies existem no nosso Site e por que?<\/strong><\/h2>\r\n<p>Utilizamos os seguintes tipos de cookies para os seguintes fins:<\/p>\r\n<ul>\r\n  <li><strong>Cookies estritamente necess\u00e1rios:&#038;<\/strong>nbsp;Esses cookies s\u00e3o essenciais para voc\u00ea navegar em nosso Site e usar a funcionalidade pretendida, incluindo acessar \u00e1reas seguras do Site, mover itens para o carrinho de compras antes de fazer uma compra, ajudar a garantir a seguran\u00e7a e registrar intera\u00e7\u00f5es com nosso banner de cookies. Esses cookies n\u00e3o podem ser ativados ou desativados.<\/li>\r\n  <li><strong>Cookies de desempenho:<\/strong> Estes cookies permitem-nos contar visitas e fontes de tr\u00e1fego para que possamos medir e melhorar o desempenho do nosso Site. Ajudam-nos a saber quais as p\u00e1ginas mais e menos populares e a ver como os visitantes se movimentam no Site. Se n\u00e3o permitir estes cookies, n\u00e3o saberemos quando visitou o nosso site e n\u00e3o poderemos monitorizar o seu desempenho utilizando os dados fornecidos pela sua visita.<\/li>\r\n  <li><strong>Cookies Funcionais:<\/strong> Esses cookies permitem que o site forne\u00e7a funcionalidades aprimoradas. Eles podem ser definidos por n\u00f3s ou por prestadores de servi\u00e7os terceirizados cujos servi\u00e7os adicionamos \u00e0s nossas p\u00e1ginas (por exemplo, adicionando suporte de atendimento ao cliente por chat ao nosso site ou permitindo que voc\u00ea forne\u00e7a feedback sobre produtos e servi\u00e7os). Se desativar estes cookies, o site poder\u00e1 perder alguns aspectos n\u00e3o essenciais da sua funcionalidade.<\/li>\r\n  <li><strong>Cookies de segmenta\u00e7\u00e3o:<\/strong> Estes cookies podem ser definidos no nosso Website pelos nossos prestadores de servi\u00e7os de publicidade e marketing. Eles podem ser usados \u200b\u200bpor essas empresas para construir um perfil dos seus interesses e mostrar-lhe an\u00fancios relevantes em outros sites. Eles se baseiam na identifica\u00e7\u00e3o exclusiva do seu navegador e dispositivo de Internet. Este reconhecimento \u00e9 usado para veicular an\u00fancios, links ou outras informa\u00e7\u00f5es relevantes sobre nossos produtos e servi\u00e7os a usu\u00e1rios que visitam outros sites ap\u00f3s terem visitado anteriormente nosso site ou interagido com nossos produtos e servi\u00e7os. Se voc\u00ea consentir com esses cookies, poder\u00e1 receber publicidade direcionada.<\/li>\r\n<\/ul>\r\n<h2><strong>Cookies de terceiros que usamos<\/strong><\/h2>\r\n<table>\r\n  <tbody>\r\n    <tr>\r\n      <th>Nome do cookie<\/th>\r\n      <th>Descri\u00e7\u00e3o<\/th>\r\n      <th>Hospedado por<\/th>\r\n      <th>Termo<\/th>\r\n    <\/tr>\r\n    <tr>\r\n      <td>Google Analytics \u201cgat._anonymizeIp();\u201d<\/td>\r\n      <td>Este cookie \u00e9 usado pelo Google Analytics para garantir que os endere\u00e7os IP sejam registrados anonimamente.<\/td>\r\n      <td>Google<\/td>\r\n      <td>Determinado pelo anfitri\u00e3o<\/td>\r\n    <\/tr>\r\n    <tr>\r\n      <td>Acompanhamento de convers\u00f5es do Google Ads (Google LLC)<\/td>\r\n      <td>O acompanhamento de convers\u00f5es do Google Ads \u00e9 um servi\u00e7o de estat\u00edsticas fornecido pela Google LLC que conecta dados da rede de publicidade do Google Ads com as a\u00e7\u00f5es realizadas neste aplicativo. Este cookie ajuda os anunciantes a determinar quantas vezes os usu\u00e1rios que clicam em seus an\u00fancios realizam uma a\u00e7\u00e3o que consideramos uma convers\u00e3o (por exemplo, enviar um formul\u00e1rio, assistir a um v\u00eddeo, baixar um PDF, etc.). Estes cookies s\u00e3o inteiramente geridos pela Google. As informa\u00e7\u00f5es sobre o uso do nosso site, incluindo o seu endere\u00e7o IP, podem ser transmitidas e armazenadas pelo Google em seus servidores, embora eles n\u00e3o identifiquem pessoalmente os usu\u00e1rios, a menos que voc\u00ea esteja conectado ao Google, caso em que voc\u00ea estar\u00e1 vinculado \u00e0 sua conta do Google.<\/td>\r\n      <td>Google<\/td>\r\n      <td>Determinado pelo anfitri\u00e3o<\/td>\r\n    <\/tr>\r\n    <tr>\r\n      <td>Remarketing do Google Ads<\/td>\r\n      <td>Usamos cookies de remarketing do Google Ads para fornecer aos usu\u00e1rios an\u00fancios on-line direcionados com base em visitas anteriores ao nosso site. O Google usa essas informa\u00e7\u00f5espara exibir an\u00fancios em v\u00e1rios sites de terceiros na Internet. Estes cookies expiram ap\u00f3s 30 dias e n\u00e3o cont\u00eam informa\u00e7\u00f5es de identifica\u00e7\u00e3o pessoal. Mais informa\u00e7\u00f5es sobre os cookies do Google Ads: https:\/\/policies.google.com\/technologies\/cookies?hl=en-US<\/td>\r\n      <td>Google<\/td>\r\n      <td>Determinado pelo anfitri\u00e3o<\/td>\r\n    <\/tr>\r\n    <tr>\r\n      <td>An\u00fancios do LinkedIn<\/td>\r\n      <td>Usamos esse cookie para ajudar a medir o desempenho publicit\u00e1rio dos an\u00fancios e do conte\u00fado da Veritas Intercontinental no LinkedIn.<\/td>\r\n      <td>LinkedIn<\/td>\r\n      <td>Determinado pelo anfitri\u00e3o<\/td>\r\n    <\/tr>\r\n    <tr>\r\n      <td>Convers\u00e3o de an\u00fancios do LinkedIn<\/td>\r\n      <td>Este cookie ajuda os anunciantes a determinar quantas vezes os usu\u00e1rios que clicam em seus an\u00fancios realizam uma a\u00e7\u00e3o que consideramos uma convers\u00e3o (por exemplo, enviar um formul\u00e1rio, assistir a um v\u00eddeo, baixar um PDF, etc.). Esses cookies permitem que o LinkedIn e o anunciante determinem se o usu\u00e1rio clicou no an\u00fancio e depois visitou o site da Veritas Intercontinental. Mais informa\u00e7\u00f5es: https:\/\/es.linkedin.com\/legal\/cookie-policy?<\/td>\r\n      <td>LinkedIn<\/td>\r\n      <td>Determinado pelo anfitri\u00e3o<\/td>\r\n    <\/tr>\r\n    <tr>\r\n      <td>Twitter<\/td>\r\n      <td>Usamos esse cookie para ajudar a medir o desempenho publicit\u00e1rio dos an\u00fancios e do conte\u00fado da Veritas Intercontinental no Twitter. Mais informa\u00e7\u00f5es https:\/\/help.twitter.com\/en\/rules-and-policies\/twitter-cookies<\/td>\r\n      <td>Twitter<\/td>\r\n      <td>Determinado pelo anfitri\u00e3o<\/td>\r\n    <\/tr>\r\n    <tr>\r\n      <td>Plug-ins sociais do Facebook, Connect. Provedor Facebook Corp.<\/td>\r\n      <td>Usamos esse cookie para ajudar a medir o desempenho publicit\u00e1rio dos an\u00fancios e conte\u00fados da Veritas Intercontinental no Facebook e Instagram. A finalidade desses cookies \u00e9 analisar a audi\u00eancia do nosso site, por exemplo, o n\u00famero de p\u00e1ginas visitadas, o idioma, a rede social em que nossas not\u00edcias s\u00e3o publicadas, a cidade para onde o endere\u00e7o IP de onde os usu\u00e1riosacessam, o n\u00famero de utilizadores que nos visitam, a frequ\u00eancia e recorr\u00eancia das visitas, a hora da visita, o navegador utilizado, o operador ou tipo de terminal a partir do qual \u00e9 feita a visita. N\u00e3o obtemos dados dos nomes ou sobrenomes dos usu\u00e1rios oudo endere\u00e7o postal a partir do qual eles se conectam. N\u00f3s os utilizamos para melhorar o desempenho de nossas campanhas no Facebook e para poder oferecer conte\u00fado relacionado ao nosso p\u00fablico. ++Mais informa\u00e7\u00f5es: https:\/\/www.facebook.com\/policies\/cookies\/.<\/td>\r\n      <td>meta<\/td>\r\n      <td>Determinado pelo anfitri\u00e3o<\/td>\r\n    <\/tr>\r\n  <\/tbody>\r\n<\/table>\r\n<h2><strong>Google Analytics<\/strong><\/h2>\r\n<p>Usamos o Google Analytics para entender melhor o seu uso do nosso site e servi\u00e7os. O Google Analytics coleta informa\u00e7\u00f5es como a frequ\u00eancia com que os usu\u00e1rios visitam nosso site, quais p\u00e1ginas s\u00e3o visitadas e quais outros sites podem ter sido usados \u200b\u200bantes da visita. O Google utiliza os dados recolhidos para rastrear e examinar a utiliza\u00e7\u00e3o dos websites, para preparar relat\u00f3rios sobre as suas atividades e partilh\u00e1-los com outros servi\u00e7os do Google, e para contextualizar e personalizar os an\u00fancios da sua pr\u00f3pria rede de publicidade. Mais informa\u00e7\u00f5es sobre como o Google Analytics coleta e processa dados podem ser encontradas em: <a href=\"https:\/\/policies.google.com\/technologies\/partner-sites\" target=\"_blank\">policies.google.com\/technologies\/partner-sites<\/a>. A capacidade do Google de usar e compartilhar informa\u00e7\u00f5es coletadas pelo Google Analytics sobre suas visitas aos Sites \u00e9 restrita pelos Termos de Uso do Google Analytics (<a href=\"https:\/\/marketingplatform.google.com\/about\/analytics\/terms\/us\/\" target=\"_blank\">marketingplatform.google.com\/about\/analytics\/terms\/us\/<\/a>) e a Pol\u00edtica de Privacidade do Google (<a href=\"https:\/\/policies.google.com\/privacy\" target=\"_blank\">policies.google.com\/privacy<\/a>). Voc\u00ea tamb\u00e9m pode desativar e gerenciar suas prefer\u00eancias para o uso de publicidade personalizada e cookies relacionados pelo Google visitando as Configura\u00e7\u00f5es de an\u00fancios do Google (<a href=\"https:\/\/support.google.com\/accounts\/answer\/2662856?co=GENIE.Platform%3DDesktop&#038;hl=en\" target=\"_blank\">support.google.com\/accounts\/answer\/2662856?co=GENIE.Platform%3DDesktop&#038;hl=en<\/a>), e o Google Analytics tamb\u00e9m oferece um mecanismo de cancelamento para a web (<a href=\"https:\/\/tools.google.com\/dlpage\/gaoptout\" target=\"_blank\">tools.google.com\/dlpage\/gaoptout<\/a>).<\/p>\r\n<h2><strong>Mais informa\u00e7\u00f5es<\/strong><\/h2>\r\n<p>Se voc\u00ea tiver alguma d\u00favida sobre o uso de cookies, entre em contato conosco pelo endere\u00e7o de e-mail abaixo: <a href=\"mailto:dpo@veritasint.com\">dpo@veritasint.com<\/a>.<\/p>\t\t\t\t\t\t<\/div>\n\t\t\t\t<\/div>\n\t\t\t\t\t<\/div>\n\t\t<\/div>\n\t\t\t\t\t<\/div>\n\t\t<\/section>\n\t\t\t\t<\/div>\n\t\t","protected":false},"excerpt":{"rendered":"<p>Pol\u00edtica de Cookies Quem somos? Veritas Intercontinental (\u201cVeritas\u201d, \u201cn\u00f3s\u201c,\u201cn\u00f3s\u201c,\u201cnosso\u201c) est\u00e1 empenhada em proteger e respeitar a sua privacidade como prestador de servi\u00e7os e controlador das suas informa\u00e7\u00f5es. Esta pol\u00edtica explica como usamos cookies e tecnologias relacionadas (coletivamente chamadas de \u201cCookies\u201d) para fornecer nossos servi\u00e7os a voc\u00ea atrav\u00e9s do nosso site. www.veritasint.com (o &#8220;Site&#8221; ou &#8220;Site\u201d). [&hellip;]<\/p>\n","protected":false},"author":1,"featured_media":0,"parent":0,"menu_order":0,"comment_status":"closed","ping_status":"closed","template":"","meta":{"_acf_changed":false,"inline_featured_image":false,"footnotes":""},"class_list":["post-6273","page","type-page","status-publish","hentry"],"acf":[],"yoast_head":"<!-- This site is optimized with the Yoast SEO plugin v23.8 - https:\/\/yoast.com\/wordpress\/plugins\/seo\/ -->\n<title>Pol\u00edtica de Cookies - DxServices by Veritas<\/title>\n<meta name=\"robots\" content=\"index, follow, max-snippet:-1, max-image-preview:large, max-video-preview:-1\" \/>\n<link rel=\"canonical\" href=\"https:\/\/dxgeneticservices.com\/cookies-policy\/\" \/>\n<meta property=\"og:locale\" content=\"pt_BR\" \/>\n<meta property=\"og:type\" content=\"article\" \/>\n<meta property=\"og:title\" content=\"Pol\u00edtica de Cookies - DxServices by Veritas\" \/>\n<meta property=\"og:description\" content=\"Pol\u00edtica de Cookies Quem somos? Veritas Intercontinental (\u201cVeritas\u201d, \u201cn\u00f3s\u201c,\u201cn\u00f3s\u201c,\u201cnosso\u201c) est\u00e1 empenhada em proteger e respeitar a sua privacidade como prestador de servi\u00e7os e controlador das suas informa\u00e7\u00f5es. Esta pol\u00edtica explica como usamos cookies e tecnologias relacionadas (coletivamente chamadas de \u201cCookies\u201d) para fornecer nossos servi\u00e7os a voc\u00ea atrav\u00e9s do nosso site. www.veritasint.com (o &#8220;Site&#8221; ou &#8220;Site\u201d). [&hellip;]\" \/>\n<meta property=\"og:url\" content=\"https:\/\/dxgeneticservices.com\/cookies-policy\/\" \/>\n<meta property=\"og:site_name\" content=\"DxServices by Veritas\" \/>\n<meta property=\"article:modified_time\" content=\"2024-11-15T09:46:11+00:00\" \/>\n<meta name=\"twitter:card\" content=\"summary_large_image\" \/>\n<meta name=\"twitter:label1\" content=\"Est. tempo de leitura\" \/>\n\t<meta name=\"twitter:data1\" content=\"10 minutos\" \/>\n<script type=\"application\/ld+json\" class=\"yoast-schema-graph\">{\"@context\":\"https:\/\/schema.org\",\"@graph\":[{\"@type\":\"WebPage\",\"@id\":\"https:\/\/dxgeneticservices.com\/cookies-policy\/\",\"url\":\"https:\/\/dxgeneticservices.com\/cookies-policy\/\",\"name\":\"Pol\u00edtica de Cookies - DxServices by Veritas\",\"isPartOf\":{\"@id\":\"https:\/\/dxgeneticservices.com\/#website\"},\"datePublished\":\"2023-07-05T13:08:55+00:00\",\"dateModified\":\"2024-11-15T09:46:11+00:00\",\"breadcrumb\":{\"@id\":\"https:\/\/dxgeneticservices.com\/cookies-policy\/#breadcrumb\"},\"inLanguage\":\"pt-BR\",\"potentialAction\":[{\"@type\":\"ReadAction\",\"target\":[\"https:\/\/dxgeneticservices.com\/cookies-policy\/\"]}]},{\"@type\":\"BreadcrumbList\",\"@id\":\"https:\/\/dxgeneticservices.com\/cookies-policy\/#breadcrumb\",\"itemListElement\":[{\"@type\":\"ListItem\",\"position\":1,\"name\":\"Home\",\"item\":\"https:\/\/dxgeneticservices.com\/\"},{\"@type\":\"ListItem\",\"position\":2,\"name\":\"Pol\u00edtica de Cookies\"}]},{\"@type\":\"WebSite\",\"@id\":\"https:\/\/dxgeneticservices.com\/#website\",\"url\":\"https:\/\/dxgeneticservices.com\/\",\"name\":\"DxServices by Veritas\",\"description\":\"\",\"publisher\":{\"@id\":\"https:\/\/dxgeneticservices.com\/#organization\"},\"potentialAction\":[{\"@type\":\"SearchAction\",\"target\":{\"@type\":\"EntryPoint\",\"urlTemplate\":\"https:\/\/dxgeneticservices.com\/?s={search_term_string}\"},\"query-input\":{\"@type\":\"PropertyValueSpecification\",\"valueRequired\":true,\"valueName\":\"search_term_string\"}}],\"inLanguage\":\"pt-BR\"},{\"@type\":\"Organization\",\"@id\":\"https:\/\/dxgeneticservices.com\/#organization\",\"name\":\"DxServices by Veritas\",\"url\":\"https:\/\/dxgeneticservices.com\/\",\"logo\":{\"@type\":\"ImageObject\",\"inLanguage\":\"pt-BR\",\"@id\":\"https:\/\/dxgeneticservices.com\/#\/schema\/logo\/image\/\",\"url\":\"https:\/\/dxgeneticservices.com\/wp-content\/uploads\/2023\/07\/DxServices-logo_blue.png\",\"contentUrl\":\"https:\/\/dxgeneticservices.com\/wp-content\/uploads\/2023\/07\/DxServices-logo_blue.png\",\"width\":1092,\"height\":323,\"caption\":\"DxServices by Veritas\"},\"image\":{\"@id\":\"https:\/\/dxgeneticservices.com\/#\/schema\/logo\/image\/\"}}]}<\/script>\n<!-- \/ Yoast SEO plugin. -->","yoast_head_json":{"title":"Pol\u00edtica de Cookies - DxServices by Veritas","robots":{"index":"index","follow":"follow","max-snippet":"max-snippet:-1","max-image-preview":"max-image-preview:large","max-video-preview":"max-video-preview:-1"},"canonical":"https:\/\/dxgeneticservices.com\/cookies-policy\/","og_locale":"pt_BR","og_type":"article","og_title":"Pol\u00edtica de Cookies - DxServices by Veritas","og_description":"Pol\u00edtica de Cookies Quem somos? Veritas Intercontinental (\u201cVeritas\u201d, \u201cn\u00f3s\u201c,\u201cn\u00f3s\u201c,\u201cnosso\u201c) est\u00e1 empenhada em proteger e respeitar a sua privacidade como prestador de servi\u00e7os e controlador das suas informa\u00e7\u00f5es. Esta pol\u00edtica explica como usamos cookies e tecnologias relacionadas (coletivamente chamadas de \u201cCookies\u201d) para fornecer nossos servi\u00e7os a voc\u00ea atrav\u00e9s do nosso site. www.veritasint.com (o &#8220;Site&#8221; ou &#8220;Site\u201d). [&hellip;]","og_url":"https:\/\/dxgeneticservices.com\/cookies-policy\/","og_site_name":"DxServices by Veritas","article_modified_time":"2024-11-15T09:46:11+00:00","twitter_card":"summary_large_image","twitter_misc":{"Est. tempo de leitura":"10 minutos"},"schema":{"@context":"https:\/\/schema.org","@graph":[{"@type":"WebPage","@id":"https:\/\/dxgeneticservices.com\/cookies-policy\/","url":"https:\/\/dxgeneticservices.com\/cookies-policy\/","name":"Pol\u00edtica de Cookies - DxServices by Veritas","isPartOf":{"@id":"https:\/\/dxgeneticservices.com\/#website"},"datePublished":"2023-07-05T13:08:55+00:00","dateModified":"2024-11-15T09:46:11+00:00","breadcrumb":{"@id":"https:\/\/dxgeneticservices.com\/cookies-policy\/#breadcrumb"},"inLanguage":"pt-BR","potentialAction":[{"@type":"ReadAction","target":["https:\/\/dxgeneticservices.com\/cookies-policy\/"]}]},{"@type":"BreadcrumbList","@id":"https:\/\/dxgeneticservices.com\/cookies-policy\/#breadcrumb","itemListElement":[{"@type":"ListItem","position":1,"name":"Home","item":"https:\/\/dxgeneticservices.com\/"},{"@type":"ListItem","position":2,"name":"Pol\u00edtica de Cookies"}]},{"@type":"WebSite","@id":"https:\/\/dxgeneticservices.com\/#website","url":"https:\/\/dxgeneticservices.com\/","name":"DxServices by Veritas","description":"","publisher":{"@id":"https:\/\/dxgeneticservices.com\/#organization"},"potentialAction":[{"@type":"SearchAction","target":{"@type":"EntryPoint","urlTemplate":"https:\/\/dxgeneticservices.com\/?s={search_term_string}"},"query-input":{"@type":"PropertyValueSpecification","valueRequired":true,"valueName":"search_term_string"}}],"inLanguage":"pt-BR"},{"@type":"Organization","@id":"https:\/\/dxgeneticservices.com\/#organization","name":"DxServices by Veritas","url":"https:\/\/dxgeneticservices.com\/","logo":{"@type":"ImageObject","inLanguage":"pt-BR","@id":"https:\/\/dxgeneticservices.com\/#\/schema\/logo\/image\/","url":"https:\/\/dxgeneticservices.com\/wp-content\/uploads\/2023\/07\/DxServices-logo_blue.png","contentUrl":"https:\/\/dxgeneticservices.com\/wp-content\/uploads\/2023\/07\/DxServices-logo_blue.png","width":1092,"height":323,"caption":"DxServices by Veritas"},"image":{"@id":"https:\/\/dxgeneticservices.com\/#\/schema\/logo\/image\/"}}]}},"_links":{"self":[{"href":"https:\/\/dxgeneticservices.com\/pt-br\/wp-json\/wp\/v2\/pages\/6273"}],"collection":[{"href":"https:\/\/dxgeneticservices.com\/pt-br\/wp-json\/wp\/v2\/pages"}],"about":[{"href":"https:\/\/dxgeneticservices.com\/pt-br\/wp-json\/wp\/v2\/types\/page"}],"author":[{"embeddable":true,"href":"https:\/\/dxgeneticservices.com\/pt-br\/wp-json\/wp\/v2\/users\/1"}],"replies":[{"embeddable":true,"href":"https:\/\/dxgeneticservices.com\/pt-br\/wp-json\/wp\/v2\/comments?post=6273"}],"version-history":[{"count":1,"href":"https:\/\/dxgeneticservices.com\/pt-br\/wp-json\/wp\/v2\/pages\/6273\/revisions"}],"predecessor-version":[{"id":6274,"href":"https:\/\/dxgeneticservices.com\/pt-br\/wp-json\/wp\/v2\/pages\/6273\/revisions\/6274"}],"wp:attachment":[{"href":"https:\/\/dxgeneticservices.com\/pt-br\/wp-json\/wp\/v2\/media?parent=6273"}],"curies":[{"name":"wp","href":"https:\/\/api.w.org\/{rel}","templated":true}]}}