{"id":6279,"date":"2023-07-05T15:09:03","date_gmt":"2023-07-05T13:09:03","guid":{"rendered":"https:\/\/dxgeneticservices.com\/termos-de-uso\/"},"modified":"2024-11-15T11:04:53","modified_gmt":"2024-11-15T10:04:53","slug":"termos-de-uso","status":"publish","type":"page","link":"https:\/\/dxgeneticservices.com\/pt-br\/termos-de-uso\/","title":{"rendered":"Termos de Uso"},"content":{"rendered":"\t\t<div data-elementor-type=\"wp-page\" data-elementor-id=\"6279\" class=\"elementor elementor-6279 elementor-24\" data-elementor-post-type=\"page\">\n\t\t\t\t\t\t<section class=\"elementor-section elementor-top-section elementor-element elementor-element-2a7a31f0 elementor-section-boxed elementor-section-height-default elementor-section-height-default\" data-id=\"2a7a31f0\" data-element_type=\"section\">\n\t\t\t\t\t\t<div class=\"elementor-container elementor-column-gap-default\">\n\t\t\t\t\t<div class=\"elementor-column elementor-col-100 elementor-top-column elementor-element elementor-element-202aa812\" data-id=\"202aa812\" data-element_type=\"column\">\n\t\t\t<div class=\"elementor-widget-wrap elementor-element-populated\">\n\t\t\t\t\t\t<div class=\"elementor-element elementor-element-61c05b5c elementor-widget elementor-widget-heading\" data-id=\"61c05b5c\" data-element_type=\"widget\" data-widget_type=\"heading.default\">\n\t\t\t\t<div class=\"elementor-widget-container\">\n\t\t\t<h1 class=\"elementor-heading-title elementor-size-default\"><strong>Condi\u00e7\u00f5es gerais de contrata\u00e7\u00e3o<\/strong><\/h1>\t\t<\/div>\n\t\t\t\t<\/div>\n\t\t\t\t<div class=\"elementor-element elementor-element-43f7b1b elementor-widget elementor-widget-text-editor\" data-id=\"43f7b1b\" data-element_type=\"widget\" data-widget_type=\"text-editor.default\">\n\t\t\t\t<div class=\"elementor-widget-container\">\n\t\t\t\t\t\t\t<h2><strong>I. DADOS DE IDENTIFICA\u00c7\u00c3O<\/strong><\/h2>\r\n<p>VERITAS INTERCONTINENTAL, S.L., com sede em Madrid, Calle Orense 58, 2\u00baC-D, 28020 e n\u00famero de identifica\u00e7\u00e3o fiscal B-88132907, disponibiliza a todos os internautas a possibilidade de adquirir os produtos e contratar os servi\u00e7os oferecidos atrav\u00e9s deste Site, a utiliza\u00e7\u00e3o do mesmo est\u00e1 sujeita a estas Condi\u00e7\u00f5es Gerais de Contrata\u00e7\u00e3o e demais textos legais do site.<\/p>\r\n<h2><strong>II. OBJETO<\/strong><\/h2>\r\n<p>As presentes Condi\u00e7\u00f5es Gerais de Contrata\u00e7\u00e3o t\u00eam por objetivo regular a aquisi\u00e7\u00e3o dos produtos oferecidos\/servi\u00e7os prestados, neste Site. VERITAS INTERCONTINENTAL, por meio de sua plataforma disponibiliza seus produtos e servi\u00e7os a todos os internautas. O CLIENTE, ao adquirir os produtos e contratar os servi\u00e7os oferecidos no site, declara conhecer e aceitar, sem reservas ou qualquer exce\u00e7\u00e3o, todas e cada uma das Condi\u00e7\u00f5es Gerais de Contrata\u00e7\u00e3o que neste documento est\u00e3o expostas, ficando vinculadas por elas conforme foram redigidas em o momento da compra. VERITAS INTERCONTINENTAL pode reestruturar, modificar ou eliminar qualquer informa\u00e7\u00e3o, servi\u00e7o ou conte\u00fado inclu\u00eddo no Site, sem aviso pr\u00e9vio. Ser\u00e1 imprescind\u00edvel a leitura e aceita\u00e7\u00e3o das Condi\u00e7\u00f5es Gerais de Contrata\u00e7\u00e3o antes da aquisi\u00e7\u00e3o de qualquer produto ou servi\u00e7o atrav\u00e9s do Site, devendo o CLIENTE confirmar a caixa de sele\u00e7\u00e3o das Condi\u00e7\u00f5es Gerais de Contrata\u00e7\u00e3o. Atrav\u00e9s do Site, todos os CLIENTES registados ter\u00e3o a possibilidade de aceder aos conte\u00fados, servi\u00e7os e outras informa\u00e7\u00f5es relativas aos impostos e servi\u00e7os nele oferecidos. As presentes Condi\u00e7\u00f5es Gerais s\u00e3o inteiramente acordadas entre as partes no que diz respeito \u00e0s transa\u00e7\u00f5es online de venda e presta\u00e7\u00e3o de servi\u00e7os entre VERITAS INTERCONTINENTAL e seus CLIENTES. O CLIENTE dever\u00e1 ter capacidade para contratar o servi\u00e7o e adquirir os produtos oferecidos no Site. Desta forma, somente maiores de 18 anos e com capacidade suficiente para contratar poder\u00e3o adquirir os produtos e contratar os servi\u00e7os oferecidos no Site.<\/p>\r\n<h2><strong>III. CONTE\u00daDO E A\u00c7\u00d5ES DO SITE<\/strong><\/h2>\r\n<p>A informa\u00e7\u00e3o contida neste Site n\u00e3o ser\u00e1 considerada em nenhum momento nem completa nem exaustiva devido \u00e0 variada gama e \u00e0s particularidades de cada um dos produtos e servi\u00e7os existentes.<\/p>\r\n<h2><strong>IV. PROCESSO DE COMPRA<\/strong><\/h2>\r\n<p>Aqui est\u00e3o as etapas que voc\u00ea executar\u00e1 no processo de compra:<\/p>\r\n<ol>\r\n  <li><strong>Sele\u00e7\u00e3o de produtos\/servi\u00e7os:<\/strong> O CLIENTE ao entrar no Site (ou navegar no Site) poder\u00e1 escolher os produtos ou servi\u00e7os pretendidos. Todos os produtos ou servi\u00e7os que aparecem no Site ser\u00e3o acompanhados de uma descri\u00e7\u00e3o, juntamente com informa\u00e7\u00f5es adicionais e pre\u00e7o (com exce\u00e7\u00e3o dos produtos da se\u00e7\u00e3o myDiagnostic que requerem uma consulta aprofundada de aconselhamento gen\u00e9tico para determinar qual produto \u00e9 apropriado para a pessoa preocupado). Caso o CLIENTE decida compr\u00e1-lo dever\u00e1 escolher a op\u00e7\u00e3o \u201cAdicionar ao carrinho\u201d na p\u00e1gina do produto. Os produtos\/servi\u00e7os selecionados pelo cliente ser\u00e3o adicionados ao carrinho de compras.<\/li>\r\n  <li><strong>Carrinho de compras:<\/strong> Uma vez conclu\u00eddo o processo de sele\u00e7\u00e3o, o CLIENTE ou Usu\u00e1rio dever\u00e1 clicar no s\u00edmbolo do carrinho de compras que aparecer\u00e1 a todo momento no canto superior direito do Site para continuar o processo ou na mensagem pop-up que diz \u201cVer carrinho&#8221;. L\u00e1 ele ver\u00e1 um resumo da compra, para facilitar a verifica\u00e7\u00e3o, e abaixo a op\u00e7\u00e3o de \u201cFinalizar compra\u201d. Posteriormente ser\u00e1 redirecionado para um formul\u00e1rio de compra para recolha do CLIENTE e dados de envio do produto selecionado. O CLIENTE poder\u00e1 criar uma conta na INTERCONTINENTAL VERITAS, ou poder\u00e1 inserir suas credenciais caso j\u00e1 tenha se cadastrado previamente.<\/li>\r\n<\/ol>\r\n<p><strong>NOTA ADICIONAL:L<\/strong>: Todos os nossos testes gen\u00e9ticos exigem receita m\u00e9dica. Se por alguma circunst\u00e2ncia o teste adquirido n\u00e3o pudesse ser prescrito, o valor total do teste seria devolvido ao CLIENTE. Se ap\u00f3s a sess\u00e3o de aconselhamento gen\u00e9tico pr\u00e9-teste o consultor gen\u00e9tico determinar que o CLIENTE deve realizar um teste gen\u00e9tico de valor inferior ao adquirido, a VERITAS INTERCONTINENTAL devolver\u00e1 a diferen\u00e7a ao CLIENTE.<\/p>\r\n<h2><strong>V. POL\u00cdTICA DE ENVIO E DEVOLU\u00c7\u00c3O<\/strong><\/h2>\r\n<p>O prazo de envio do kit de coleta de amostras \u00e9 de 1 a 3 dias para Espanha e para o resto da Europa de no m\u00e1ximo 5 dias. Em rela\u00e7\u00e3o \u00e0s devolu\u00e7\u00f5es estas s\u00f3 podem ser eficazes enquanto o kit de recolha de amostras n\u00e3o tiver sido aberto, ou seja, o selo de seguran\u00e7a (pl\u00e1stico transparente ou adesivo \u2013 dependendo do kit) n\u00e3o tiver sido removido ou o kit manuseado. Em caso de devolu\u00e7\u00e3o O CLIENTE ser\u00e1 respons\u00e1vel pelo custo de recolha do kit.<\/p>\r\n<h2><strong>VI. PROPRIEDADE INDUSTRIAL E INTELECTUAL<\/strong><\/h2>\r\n<p>Este site \u00e9 propriedade de <strong>VERITAS INTERCONTINENTAL<\/strong>. Os direitos de Propriedade Intelectual e os direitos de explora\u00e7\u00e3o e reprodu\u00e7\u00e3o deste site, das suas p\u00e1ginas, ecr\u00e3s, da informa\u00e7\u00e3o que cont\u00eam, do seu aspecto e design, bem como dos links (hiperlinks) estabelecidos a partir dele para outros sites, s\u00e3o <strong>VERITAS INTERCONTINENTAL<\/strong> propriedade, salvo indica\u00e7\u00e3o em contr\u00e1rio. Todos os nomes, desenhos e\/ou logotipos que comp\u00f5em esta p\u00e1gina s\u00e3o marcas devidamente registradas. Qualquer uso indevido dos mesmos por pessoa que n\u00e3o seja o seu leg\u00edtimo propriet\u00e1rio poder\u00e1 ser processado de acordo com a legisla\u00e7\u00e3o em vigor. Os direitos de propriedade intelectual e marcas de terceiros s\u00e3o convenientemente destacados e devem ser respeitados por qualquer pessoa que acesse este site. Somente para uso pessoal e privado \u00e9 permitido baixar o conte\u00fado, copiar ou imprimir qualquer p\u00e1gina deste site. \u00c9 proibido reproduzir, transmitir, modificar ou eliminar as informa\u00e7\u00f5es, conte\u00fados ou avisos deste site sem a autoriza\u00e7\u00e3o pr\u00e9via e expressa por escrito da <strong>VERITAS INTERCONTINENTAL<\/strong>.<\/p>\r\n<h2><strong>VII. CONDI\u00c7\u00d5ES GERAIS E ESPEC\u00cdFICAS DO SERVI\u00c7O DE ASSINATURA GENOMA LIFE<\/strong><\/h2>\r\n<p>Os Termos e Condi\u00e7\u00f5es Gerais do servi\u00e7o Genome Life s\u00e3o fornecidos <a href=\"https:\/\/info.veritasint.com\/hubfs\/PDFs\/EN\/myGenome\/Genome%20Life\/Terms%20and%20conditions%20Genome%20Life.pdf\">aqui<\/a>.<\/p>\r\n<h2><strong>VIII. LEGISLA\u00c7\u00c3O APLIC\u00c1VEL<\/strong><\/h2>\r\n<p>Estas Condi\u00e7\u00f5es Gerais de Contrata\u00e7\u00e3o ser\u00e3o regidas pelas leis espanholas e\/ou europeias.<\/p>\t\t\t\t\t\t<\/div>\n\t\t\t\t<\/div>\n\t\t\t\t\t<\/div>\n\t\t<\/div>\n\t\t\t\t\t<\/div>\n\t\t<\/section>\n\t\t\t\t<\/div>\n\t\t","protected":false},"excerpt":{"rendered":"<p>Condi\u00e7\u00f5es gerais de contrata\u00e7\u00e3o I. DADOS DE IDENTIFICA\u00c7\u00c3O VERITAS INTERCONTINENTAL, S.L., com sede em Madrid, Calle Orense 58, 2\u00baC-D, 28020 e n\u00famero de identifica\u00e7\u00e3o fiscal B-88132907, disponibiliza a todos os internautas a possibilidade de adquirir os produtos e contratar os servi\u00e7os oferecidos atrav\u00e9s deste Site, a utiliza\u00e7\u00e3o do mesmo est\u00e1 sujeita a estas Condi\u00e7\u00f5es Gerais [&hellip;]<\/p>\n","protected":false},"author":1,"featured_media":0,"parent":0,"menu_order":0,"comment_status":"closed","ping_status":"closed","template":"","meta":{"_acf_changed":false,"inline_featured_image":false,"footnotes":""},"class_list":["post-6279","page","type-page","status-publish","hentry"],"acf":[],"yoast_head":"<!-- This site is optimized with the Yoast SEO plugin v23.8 - https:\/\/yoast.com\/wordpress\/plugins\/seo\/ -->\n<title>Termos de Uso - DxServices by Veritas<\/title>\n<meta name=\"robots\" content=\"index, follow, max-snippet:-1, max-image-preview:large, max-video-preview:-1\" \/>\n<link rel=\"canonical\" href=\"https:\/\/dxgeneticservices.com\/terms-of-use\/\" \/>\n<meta property=\"og:locale\" content=\"pt_BR\" \/>\n<meta property=\"og:type\" content=\"article\" \/>\n<meta property=\"og:title\" content=\"Termos de Uso - DxServices by Veritas\" \/>\n<meta property=\"og:description\" content=\"Condi\u00e7\u00f5es gerais de contrata\u00e7\u00e3o I. DADOS DE IDENTIFICA\u00c7\u00c3O VERITAS INTERCONTINENTAL, S.L., com sede em Madrid, Calle Orense 58, 2\u00baC-D, 28020 e n\u00famero de identifica\u00e7\u00e3o fiscal B-88132907, disponibiliza a todos os internautas a possibilidade de adquirir os produtos e contratar os servi\u00e7os oferecidos atrav\u00e9s deste Site, a utiliza\u00e7\u00e3o do mesmo est\u00e1 sujeita a estas Condi\u00e7\u00f5es Gerais [&hellip;]\" \/>\n<meta property=\"og:url\" content=\"https:\/\/dxgeneticservices.com\/terms-of-use\/\" \/>\n<meta property=\"og:site_name\" content=\"DxServices by Veritas\" \/>\n<meta property=\"article:modified_time\" content=\"2024-11-15T10:04:53+00:00\" \/>\n<meta name=\"twitter:card\" content=\"summary_large_image\" \/>\n<meta name=\"twitter:label1\" content=\"Est. tempo de leitura\" \/>\n\t<meta name=\"twitter:data1\" content=\"5 minutos\" \/>\n<script type=\"application\/ld+json\" class=\"yoast-schema-graph\">{\"@context\":\"https:\/\/schema.org\",\"@graph\":[{\"@type\":\"WebPage\",\"@id\":\"https:\/\/dxgeneticservices.com\/terms-of-use\/\",\"url\":\"https:\/\/dxgeneticservices.com\/terms-of-use\/\",\"name\":\"Termos de Uso - DxServices by Veritas\",\"isPartOf\":{\"@id\":\"https:\/\/dxgeneticservices.com\/#website\"},\"datePublished\":\"2023-07-05T13:09:03+00:00\",\"dateModified\":\"2024-11-15T10:04:53+00:00\",\"breadcrumb\":{\"@id\":\"https:\/\/dxgeneticservices.com\/terms-of-use\/#breadcrumb\"},\"inLanguage\":\"pt-BR\",\"potentialAction\":[{\"@type\":\"ReadAction\",\"target\":[\"https:\/\/dxgeneticservices.com\/terms-of-use\/\"]}]},{\"@type\":\"BreadcrumbList\",\"@id\":\"https:\/\/dxgeneticservices.com\/terms-of-use\/#breadcrumb\",\"itemListElement\":[{\"@type\":\"ListItem\",\"position\":1,\"name\":\"Home\",\"item\":\"https:\/\/dxgeneticservices.com\/\"},{\"@type\":\"ListItem\",\"position\":2,\"name\":\"Termos de Uso\"}]},{\"@type\":\"WebSite\",\"@id\":\"https:\/\/dxgeneticservices.com\/#website\",\"url\":\"https:\/\/dxgeneticservices.com\/\",\"name\":\"DxServices by Veritas\",\"description\":\"\",\"publisher\":{\"@id\":\"https:\/\/dxgeneticservices.com\/#organization\"},\"potentialAction\":[{\"@type\":\"SearchAction\",\"target\":{\"@type\":\"EntryPoint\",\"urlTemplate\":\"https:\/\/dxgeneticservices.com\/?s={search_term_string}\"},\"query-input\":{\"@type\":\"PropertyValueSpecification\",\"valueRequired\":true,\"valueName\":\"search_term_string\"}}],\"inLanguage\":\"pt-BR\"},{\"@type\":\"Organization\",\"@id\":\"https:\/\/dxgeneticservices.com\/#organization\",\"name\":\"DxServices by Veritas\",\"url\":\"https:\/\/dxgeneticservices.com\/\",\"logo\":{\"@type\":\"ImageObject\",\"inLanguage\":\"pt-BR\",\"@id\":\"https:\/\/dxgeneticservices.com\/#\/schema\/logo\/image\/\",\"url\":\"https:\/\/dxgeneticservices.com\/wp-content\/uploads\/2023\/07\/DxServices-logo_blue.png\",\"contentUrl\":\"https:\/\/dxgeneticservices.com\/wp-content\/uploads\/2023\/07\/DxServices-logo_blue.png\",\"width\":1092,\"height\":323,\"caption\":\"DxServices by Veritas\"},\"image\":{\"@id\":\"https:\/\/dxgeneticservices.com\/#\/schema\/logo\/image\/\"}}]}<\/script>\n<!-- \/ Yoast SEO plugin. -->","yoast_head_json":{"title":"Termos de Uso - DxServices by Veritas","robots":{"index":"index","follow":"follow","max-snippet":"max-snippet:-1","max-image-preview":"max-image-preview:large","max-video-preview":"max-video-preview:-1"},"canonical":"https:\/\/dxgeneticservices.com\/terms-of-use\/","og_locale":"pt_BR","og_type":"article","og_title":"Termos de Uso - DxServices by Veritas","og_description":"Condi\u00e7\u00f5es gerais de contrata\u00e7\u00e3o I. DADOS DE IDENTIFICA\u00c7\u00c3O VERITAS INTERCONTINENTAL, S.L., com sede em Madrid, Calle Orense 58, 2\u00baC-D, 28020 e n\u00famero de identifica\u00e7\u00e3o fiscal B-88132907, disponibiliza a todos os internautas a possibilidade de adquirir os produtos e contratar os servi\u00e7os oferecidos atrav\u00e9s deste Site, a utiliza\u00e7\u00e3o do mesmo est\u00e1 sujeita a estas Condi\u00e7\u00f5es Gerais [&hellip;]","og_url":"https:\/\/dxgeneticservices.com\/terms-of-use\/","og_site_name":"DxServices by Veritas","article_modified_time":"2024-11-15T10:04:53+00:00","twitter_card":"summary_large_image","twitter_misc":{"Est. tempo de leitura":"5 minutos"},"schema":{"@context":"https:\/\/schema.org","@graph":[{"@type":"WebPage","@id":"https:\/\/dxgeneticservices.com\/terms-of-use\/","url":"https:\/\/dxgeneticservices.com\/terms-of-use\/","name":"Termos de Uso - DxServices by Veritas","isPartOf":{"@id":"https:\/\/dxgeneticservices.com\/#website"},"datePublished":"2023-07-05T13:09:03+00:00","dateModified":"2024-11-15T10:04:53+00:00","breadcrumb":{"@id":"https:\/\/dxgeneticservices.com\/terms-of-use\/#breadcrumb"},"inLanguage":"pt-BR","potentialAction":[{"@type":"ReadAction","target":["https:\/\/dxgeneticservices.com\/terms-of-use\/"]}]},{"@type":"BreadcrumbList","@id":"https:\/\/dxgeneticservices.com\/terms-of-use\/#breadcrumb","itemListElement":[{"@type":"ListItem","position":1,"name":"Home","item":"https:\/\/dxgeneticservices.com\/"},{"@type":"ListItem","position":2,"name":"Termos de Uso"}]},{"@type":"WebSite","@id":"https:\/\/dxgeneticservices.com\/#website","url":"https:\/\/dxgeneticservices.com\/","name":"DxServices by Veritas","description":"","publisher":{"@id":"https:\/\/dxgeneticservices.com\/#organization"},"potentialAction":[{"@type":"SearchAction","target":{"@type":"EntryPoint","urlTemplate":"https:\/\/dxgeneticservices.com\/?s={search_term_string}"},"query-input":{"@type":"PropertyValueSpecification","valueRequired":true,"valueName":"search_term_string"}}],"inLanguage":"pt-BR"},{"@type":"Organization","@id":"https:\/\/dxgeneticservices.com\/#organization","name":"DxServices by Veritas","url":"https:\/\/dxgeneticservices.com\/","logo":{"@type":"ImageObject","inLanguage":"pt-BR","@id":"https:\/\/dxgeneticservices.com\/#\/schema\/logo\/image\/","url":"https:\/\/dxgeneticservices.com\/wp-content\/uploads\/2023\/07\/DxServices-logo_blue.png","contentUrl":"https:\/\/dxgeneticservices.com\/wp-content\/uploads\/2023\/07\/DxServices-logo_blue.png","width":1092,"height":323,"caption":"DxServices by Veritas"},"image":{"@id":"https:\/\/dxgeneticservices.com\/#\/schema\/logo\/image\/"}}]}},"_links":{"self":[{"href":"https:\/\/dxgeneticservices.com\/pt-br\/wp-json\/wp\/v2\/pages\/6279"}],"collection":[{"href":"https:\/\/dxgeneticservices.com\/pt-br\/wp-json\/wp\/v2\/pages"}],"about":[{"href":"https:\/\/dxgeneticservices.com\/pt-br\/wp-json\/wp\/v2\/types\/page"}],"author":[{"embeddable":true,"href":"https:\/\/dxgeneticservices.com\/pt-br\/wp-json\/wp\/v2\/users\/1"}],"replies":[{"embeddable":true,"href":"https:\/\/dxgeneticservices.com\/pt-br\/wp-json\/wp\/v2\/comments?post=6279"}],"version-history":[{"count":1,"href":"https:\/\/dxgeneticservices.com\/pt-br\/wp-json\/wp\/v2\/pages\/6279\/revisions"}],"predecessor-version":[{"id":6280,"href":"https:\/\/dxgeneticservices.com\/pt-br\/wp-json\/wp\/v2\/pages\/6279\/revisions\/6280"}],"wp:attachment":[{"href":"https:\/\/dxgeneticservices.com\/pt-br\/wp-json\/wp\/v2\/media?parent=6279"}],"curies":[{"name":"wp","href":"https:\/\/api.w.org\/{rel}","templated":true}]}}