{"id":6285,"date":"2023-08-22T13:30:37","date_gmt":"2023-08-22T11:30:37","guid":{"rendered":"https:\/\/dxgeneticservices.com\/acessibilidade\/"},"modified":"2024-11-15T11:14:26","modified_gmt":"2024-11-15T10:14:26","slug":"acessibilidade","status":"publish","type":"page","link":"https:\/\/dxgeneticservices.com\/pt-br\/acessibilidade\/","title":{"rendered":"Acessibilidade"},"content":{"rendered":"\t\t<div data-elementor-type=\"wp-page\" data-elementor-id=\"6285\" class=\"elementor elementor-6285 elementor-4302\" data-elementor-post-type=\"page\">\n\t\t\t\t\t\t<section class=\"elementor-section elementor-top-section elementor-element elementor-element-6f0f6d9f elementor-section-boxed elementor-section-height-default elementor-section-height-default\" data-id=\"6f0f6d9f\" data-element_type=\"section\">\n\t\t\t\t\t\t<div class=\"elementor-container elementor-column-gap-default\">\n\t\t\t\t\t<div class=\"elementor-column elementor-col-100 elementor-top-column elementor-element elementor-element-3467bf18\" data-id=\"3467bf18\" data-element_type=\"column\">\n\t\t\t<div class=\"elementor-widget-wrap elementor-element-populated\">\n\t\t\t\t\t\t<div class=\"elementor-element elementor-element-47e3ce9e elementor-widget elementor-widget-heading\" data-id=\"47e3ce9e\" data-element_type=\"widget\" data-widget_type=\"heading.default\">\n\t\t\t\t<div class=\"elementor-widget-container\">\n\t\t\t<h1 class=\"elementor-heading-title elementor-size-default\"><strong>Acessibilidade<\/strong><\/h1>\t\t<\/div>\n\t\t\t\t<\/div>\n\t\t\t\t<div class=\"elementor-element elementor-element-2a56dfb elementor-widget elementor-widget-text-editor\" data-id=\"2a56dfb\" data-element_type=\"widget\" data-widget_type=\"text-editor.default\">\n\t\t\t\t<div class=\"elementor-widget-container\">\n\t\t\t\t\t\t\t<p>Na Veritas Intercontinental SL queremos tornar o nosso site dxgeneticservices.com o mais acess\u00edvel poss\u00edvel de acordo com o Real Decreto 1112\/2018, de 7 de setembro, sobre a acessibilidade de sites e aplica\u00e7\u00f5es para dispositivos m\u00f3veis do setor p\u00fablico, mesmo quando a nossa entidade n\u00e3o \u00e9 obrigada a cumprir estes requisitos por ser uma empresa privada. A raz\u00e3o fundamental \u00e9 que o nosso escrit\u00f3rio sempre garantiu a igualdade e a n\u00e3o discrimina\u00e7\u00e3o no acesso ao portal web a todas as pessoas que nos contactam, nomeadamente aquelas com defici\u00eancia ou com dificuldades na utiliza\u00e7\u00e3o de tecnologias digitais. . Por este motivo, o nosso site foi desenhado de acordo com os requisitos m\u00ednimos exigidos pela regulamenta\u00e7\u00e3o, mas tamb\u00e9m implementamos um processo cont\u00ednuo de manuten\u00e7\u00e3o e atualiza\u00e7\u00e3o que leva em considera\u00e7\u00e3o as demandas de todos os usu\u00e1rios, buscando sempre que nossos conte\u00fados sejam percept\u00edveis, oper\u00e1veis, compreens\u00edvel e robusto.<\/p>\r\n<h2><strong>Aspectos t\u00e9cnicos e certifica\u00e7\u00f5es<\/strong><\/h2>\r\n<p>Nosso site est\u00e1 otimizado para navegadores Microsoft Internet Explorer 8.0 ou superior, bem como para as vers\u00f5es mais recentes do Firefox, Safari, Opera e Google Chrome. A resolu\u00e7\u00e3o web m\u00ednima recomendada \u00e9 1280\u00d71024 em computadores desktop. Al\u00e9m disso, pode ser acessado de qualquer tablet e dispositivo m\u00f3vel, sendo otimizado para visualiza\u00e7\u00e3o nas \u00faltimas vers\u00f5es atuais do Chrome para celular, Firefox para celular, Safari mobile, Opera Mini e do navegador nativo Android. Procur\u00e1mos disponibilizar os nossos conte\u00fados em v\u00e1rios formatos (pdf, xls), para garantir a compatibilidade sempre que poss\u00edvel, e verific\u00e1mos que n\u00e3o existem hiperliga\u00e7\u00f5es para p\u00e1ginas ou conte\u00fados offline. Este site ainda n\u00e3o est\u00e1 de acordo com o RD 1112\/2018 ou UNE, mas estamos trabalhando para atender aos n\u00edveis que nos permitem obter uma certifica\u00e7\u00e3o AA ou AAA, para a norma UNE 139803 e, portanto, as diretrizes de acessibilidade do WAI ( Iniciativa de Acessibilidade da Web). Esta declara\u00e7\u00e3o foi elaborada em 22 de fevereiro de 2023. O m\u00e9todo utilizado para preparar a declara\u00e7\u00e3o foi uma autoavalia\u00e7\u00e3o interna realizada por pessoal pr\u00f3prio. \u00daltima revis\u00e3o da declara\u00e7\u00e3o: 22 de agosto de 2023.<\/p>\r\n<h2><strong>Comunica\u00e7\u00f5es, reclama\u00e7\u00f5es e reclama\u00e7\u00f5es<\/strong><\/h2>\r\n<p>Voc\u00ea pode fazer comunica\u00e7\u00f5es sobre requisitos de acessibilidade (artigo 10.2.a do Real Decreto 1112\/2018, de 7 de setembro), tais como: Denunciar qualquer poss\u00edvel viola\u00e7\u00e3o por parte deste site. Transmita outras dificuldades de acesso ao conte\u00fado. Formular qualquer outra d\u00favida ou sugest\u00e3o de melhoria relacionada \u00e0 acessibilidade do site. Atrav\u00e9s do nosso site atrav\u00e9s do formul\u00e1rio que voc\u00ea pode acessar em <a href=\"https:\/\/dxgeneticservices.com\/pt-br\/contato\/\">aqui<\/a>.<\/p>\t\t\t\t\t\t<\/div>\n\t\t\t\t<\/div>\n\t\t\t\t\t<\/div>\n\t\t<\/div>\n\t\t\t\t\t<\/div>\n\t\t<\/section>\n\t\t\t\t<\/div>\n\t\t","protected":false},"excerpt":{"rendered":"<p>Acessibilidade Na Veritas Intercontinental SL queremos tornar o nosso site dxgeneticservices.com o mais acess\u00edvel poss\u00edvel de acordo com o Real Decreto 1112\/2018, de 7 de setembro, sobre a acessibilidade de sites e aplica\u00e7\u00f5es para dispositivos m\u00f3veis do setor p\u00fablico, mesmo quando a nossa entidade n\u00e3o \u00e9 obrigada a cumprir estes requisitos por ser uma empresa [&hellip;]<\/p>\n","protected":false},"author":1,"featured_media":0,"parent":0,"menu_order":0,"comment_status":"closed","ping_status":"closed","template":"","meta":{"_acf_changed":false,"inline_featured_image":false,"footnotes":""},"class_list":["post-6285","page","type-page","status-publish","hentry"],"acf":[],"yoast_head":"<!-- This site is optimized with the Yoast SEO plugin v23.8 - https:\/\/yoast.com\/wordpress\/plugins\/seo\/ -->\n<title>Acessibilidade - DxServices by Veritas<\/title>\n<meta name=\"robots\" content=\"index, follow, max-snippet:-1, max-image-preview:large, max-video-preview:-1\" \/>\n<link rel=\"canonical\" href=\"https:\/\/dxgeneticservices.com\/accessibility\/\" \/>\n<meta property=\"og:locale\" content=\"pt_BR\" \/>\n<meta property=\"og:type\" content=\"article\" \/>\n<meta property=\"og:title\" content=\"Acessibilidade - DxServices by Veritas\" \/>\n<meta property=\"og:description\" content=\"Acessibilidade Na Veritas Intercontinental SL queremos tornar o nosso site dxgeneticservices.com o mais acess\u00edvel poss\u00edvel de acordo com o Real Decreto 1112\/2018, de 7 de setembro, sobre a acessibilidade de sites e aplica\u00e7\u00f5es para dispositivos m\u00f3veis do setor p\u00fablico, mesmo quando a nossa entidade n\u00e3o \u00e9 obrigada a cumprir estes requisitos por ser uma empresa [&hellip;]\" \/>\n<meta property=\"og:url\" content=\"https:\/\/dxgeneticservices.com\/accessibility\/\" \/>\n<meta property=\"og:site_name\" content=\"DxServices by Veritas\" \/>\n<meta property=\"article:modified_time\" content=\"2024-11-15T10:14:26+00:00\" \/>\n<meta name=\"twitter:card\" content=\"summary_large_image\" \/>\n<meta name=\"twitter:label1\" content=\"Est. tempo de leitura\" \/>\n\t<meta name=\"twitter:data1\" content=\"2 minutos\" \/>\n<script type=\"application\/ld+json\" class=\"yoast-schema-graph\">{\"@context\":\"https:\/\/schema.org\",\"@graph\":[{\"@type\":\"WebPage\",\"@id\":\"https:\/\/dxgeneticservices.com\/accessibility\/\",\"url\":\"https:\/\/dxgeneticservices.com\/accessibility\/\",\"name\":\"Acessibilidade - DxServices by Veritas\",\"isPartOf\":{\"@id\":\"https:\/\/dxgeneticservices.com\/#website\"},\"datePublished\":\"2023-08-22T11:30:37+00:00\",\"dateModified\":\"2024-11-15T10:14:26+00:00\",\"breadcrumb\":{\"@id\":\"https:\/\/dxgeneticservices.com\/accessibility\/#breadcrumb\"},\"inLanguage\":\"pt-BR\",\"potentialAction\":[{\"@type\":\"ReadAction\",\"target\":[\"https:\/\/dxgeneticservices.com\/accessibility\/\"]}]},{\"@type\":\"BreadcrumbList\",\"@id\":\"https:\/\/dxgeneticservices.com\/accessibility\/#breadcrumb\",\"itemListElement\":[{\"@type\":\"ListItem\",\"position\":1,\"name\":\"Home\",\"item\":\"https:\/\/dxgeneticservices.com\/\"},{\"@type\":\"ListItem\",\"position\":2,\"name\":\"Acessibilidade\"}]},{\"@type\":\"WebSite\",\"@id\":\"https:\/\/dxgeneticservices.com\/#website\",\"url\":\"https:\/\/dxgeneticservices.com\/\",\"name\":\"DxServices by Veritas\",\"description\":\"\",\"publisher\":{\"@id\":\"https:\/\/dxgeneticservices.com\/#organization\"},\"potentialAction\":[{\"@type\":\"SearchAction\",\"target\":{\"@type\":\"EntryPoint\",\"urlTemplate\":\"https:\/\/dxgeneticservices.com\/?s={search_term_string}\"},\"query-input\":{\"@type\":\"PropertyValueSpecification\",\"valueRequired\":true,\"valueName\":\"search_term_string\"}}],\"inLanguage\":\"pt-BR\"},{\"@type\":\"Organization\",\"@id\":\"https:\/\/dxgeneticservices.com\/#organization\",\"name\":\"DxServices by Veritas\",\"url\":\"https:\/\/dxgeneticservices.com\/\",\"logo\":{\"@type\":\"ImageObject\",\"inLanguage\":\"pt-BR\",\"@id\":\"https:\/\/dxgeneticservices.com\/#\/schema\/logo\/image\/\",\"url\":\"https:\/\/dxgeneticservices.com\/wp-content\/uploads\/2023\/07\/DxServices-logo_blue.png\",\"contentUrl\":\"https:\/\/dxgeneticservices.com\/wp-content\/uploads\/2023\/07\/DxServices-logo_blue.png\",\"width\":1092,\"height\":323,\"caption\":\"DxServices by Veritas\"},\"image\":{\"@id\":\"https:\/\/dxgeneticservices.com\/#\/schema\/logo\/image\/\"}}]}<\/script>\n<!-- \/ Yoast SEO plugin. -->","yoast_head_json":{"title":"Acessibilidade - DxServices by Veritas","robots":{"index":"index","follow":"follow","max-snippet":"max-snippet:-1","max-image-preview":"max-image-preview:large","max-video-preview":"max-video-preview:-1"},"canonical":"https:\/\/dxgeneticservices.com\/accessibility\/","og_locale":"pt_BR","og_type":"article","og_title":"Acessibilidade - DxServices by Veritas","og_description":"Acessibilidade Na Veritas Intercontinental SL queremos tornar o nosso site dxgeneticservices.com o mais acess\u00edvel poss\u00edvel de acordo com o Real Decreto 1112\/2018, de 7 de setembro, sobre a acessibilidade de sites e aplica\u00e7\u00f5es para dispositivos m\u00f3veis do setor p\u00fablico, mesmo quando a nossa entidade n\u00e3o \u00e9 obrigada a cumprir estes requisitos por ser uma empresa [&hellip;]","og_url":"https:\/\/dxgeneticservices.com\/accessibility\/","og_site_name":"DxServices by Veritas","article_modified_time":"2024-11-15T10:14:26+00:00","twitter_card":"summary_large_image","twitter_misc":{"Est. tempo de leitura":"2 minutos"},"schema":{"@context":"https:\/\/schema.org","@graph":[{"@type":"WebPage","@id":"https:\/\/dxgeneticservices.com\/accessibility\/","url":"https:\/\/dxgeneticservices.com\/accessibility\/","name":"Acessibilidade - DxServices by Veritas","isPartOf":{"@id":"https:\/\/dxgeneticservices.com\/#website"},"datePublished":"2023-08-22T11:30:37+00:00","dateModified":"2024-11-15T10:14:26+00:00","breadcrumb":{"@id":"https:\/\/dxgeneticservices.com\/accessibility\/#breadcrumb"},"inLanguage":"pt-BR","potentialAction":[{"@type":"ReadAction","target":["https:\/\/dxgeneticservices.com\/accessibility\/"]}]},{"@type":"BreadcrumbList","@id":"https:\/\/dxgeneticservices.com\/accessibility\/#breadcrumb","itemListElement":[{"@type":"ListItem","position":1,"name":"Home","item":"https:\/\/dxgeneticservices.com\/"},{"@type":"ListItem","position":2,"name":"Acessibilidade"}]},{"@type":"WebSite","@id":"https:\/\/dxgeneticservices.com\/#website","url":"https:\/\/dxgeneticservices.com\/","name":"DxServices by Veritas","description":"","publisher":{"@id":"https:\/\/dxgeneticservices.com\/#organization"},"potentialAction":[{"@type":"SearchAction","target":{"@type":"EntryPoint","urlTemplate":"https:\/\/dxgeneticservices.com\/?s={search_term_string}"},"query-input":{"@type":"PropertyValueSpecification","valueRequired":true,"valueName":"search_term_string"}}],"inLanguage":"pt-BR"},{"@type":"Organization","@id":"https:\/\/dxgeneticservices.com\/#organization","name":"DxServices by Veritas","url":"https:\/\/dxgeneticservices.com\/","logo":{"@type":"ImageObject","inLanguage":"pt-BR","@id":"https:\/\/dxgeneticservices.com\/#\/schema\/logo\/image\/","url":"https:\/\/dxgeneticservices.com\/wp-content\/uploads\/2023\/07\/DxServices-logo_blue.png","contentUrl":"https:\/\/dxgeneticservices.com\/wp-content\/uploads\/2023\/07\/DxServices-logo_blue.png","width":1092,"height":323,"caption":"DxServices by Veritas"},"image":{"@id":"https:\/\/dxgeneticservices.com\/#\/schema\/logo\/image\/"}}]}},"_links":{"self":[{"href":"https:\/\/dxgeneticservices.com\/pt-br\/wp-json\/wp\/v2\/pages\/6285"}],"collection":[{"href":"https:\/\/dxgeneticservices.com\/pt-br\/wp-json\/wp\/v2\/pages"}],"about":[{"href":"https:\/\/dxgeneticservices.com\/pt-br\/wp-json\/wp\/v2\/types\/page"}],"author":[{"embeddable":true,"href":"https:\/\/dxgeneticservices.com\/pt-br\/wp-json\/wp\/v2\/users\/1"}],"replies":[{"embeddable":true,"href":"https:\/\/dxgeneticservices.com\/pt-br\/wp-json\/wp\/v2\/comments?post=6285"}],"version-history":[{"count":1,"href":"https:\/\/dxgeneticservices.com\/pt-br\/wp-json\/wp\/v2\/pages\/6285\/revisions"}],"predecessor-version":[{"id":6286,"href":"https:\/\/dxgeneticservices.com\/pt-br\/wp-json\/wp\/v2\/pages\/6285\/revisions\/6286"}],"wp:attachment":[{"href":"https:\/\/dxgeneticservices.com\/pt-br\/wp-json\/wp\/v2\/media?parent=6285"}],"curies":[{"name":"wp","href":"https:\/\/api.w.org\/{rel}","templated":true}]}}